{"id":13210,"date":"2025-03-14T11:06:20","date_gmt":"2025-03-14T09:06:20","guid":{"rendered":"https:\/\/nordic-chefs.com\/?post_type=product&#038;p=13210"},"modified":"2026-04-24T15:31:40","modified_gmt":"2026-04-24T13:31:40","slug":"fivemount-litet-plattjarn","status":"publish","type":"product","link":"https:\/\/nordic-chefs.com\/sv\/shop\/fivemount-small-flat-top-iron\/","title":{"rendered":"FiveMount litet plattj\u00e4rn"},"content":{"rendered":"<div data-elementor-type=\"product-post\" data-elementor-id=\"13210\" class=\"elementor elementor-13210\" data-elementor-post-type=\"product\">\n\t\t\t\t<div class=\"elementor-element elementor-element-6a4af23c e-flex e-con-boxed e-con e-parent\" data-id=\"6a4af23c\" data-element_type=\"container\" data-e-type=\"container\">\n\t\t\t\t\t<div class=\"e-con-inner\">\n\t\t\t\t<div class=\"elementor-element elementor-element-69cd8eb8 elementor-widget elementor-widget-text-editor\" data-id=\"69cd8eb8\" data-element_type=\"widget\" data-e-type=\"widget\" data-widget_type=\"text-editor.default\">\n\t\t\t\t<div class=\"elementor-widget-container\">\n\t\t\t\t\t\t\t\t\t<p class=\"p1\">Vi presenterar FiveMount Small Flat Top Iron, det ultimata kockverktyget f\u00f6r att skapa sm\u00e5 friterade croustader och en m\u00e4ngd olika snacks. Perfekt f\u00f6r franska snacks som kan \u00e4tas i en enda tugga. V\u00e5ra kockverktyg \u00e4r tillverkade av h\u00f6gkvalitativt rostfritt st\u00e5l, vilket g\u00f6r dem h\u00e5llbara, l\u00e4tta att reng\u00f6ra och l\u00e4tta f\u00f6r b\u00e5de professionella k\u00f6k och hemmak\u00f6k.<\/p>\r\n<p class=\"p1\">Med ett system med fem f\u00e4sten kan du samtidigt producera fem perfekta minit\u00e5rtskal, vilket maximerar effektiviteten. Den \u00e4r l\u00e4tt att byta ut mot v\u00e5ra andra formar som Croustade, Small Rosette Iron och v\u00e5r Small Oval Croustade.<\/p>\r\nDu kan nu g\u00f6ra handtaget personligt med en anpassad gravyr.\r\n<p class=\"p1\"><b>Denna produkt inneh\u00e5ller:<\/b><\/p>\r\n<p class=\"p1\">5 x sm\u00e5 platta toppformar<\/p>\r\n<p class=\"p1\">1 x enkelt handtag<\/p>\r\n<p class=\"p1\">1 x FiveMount<\/p>\r\n<p class=\"p1\">Redo f\u00f6r fritering!<\/p>\t\t\t\t\t\t\t\t<\/div>\n\t\t\t\t<\/div>\n\t\t\t\t\t<\/div>\n\t\t\t\t<\/div>\n\t\t\t\t<\/div>","protected":false},"excerpt":{"rendered":"<p>Introducerar FiveMount Small Flat Top Iron, det ultimata k\u00f6ksredskapet f\u00f6r att skapa sm\u00e5 stekta krutonger och en m\u00e4ngd olika snacks. Perfekt f\u00f6r franska snacks som kan \u00e4tas i en munsbit. V\u00e5ra k\u00f6ksredskap \u00e4r tillverkade av h\u00f6gkvalitativt rostfritt st\u00e5l, vilket g\u00f6r dem h\u00e5llbara, l\u00e4tta att reng\u00f6ra och l\u00e4tta f\u00f6r b\u00e5de professionella och hemmak\u00f6k.<\/p>","protected":false},"featured_media":13198,"template":"","meta":{"_acf_changed":false,"_seopress_robots_primary_cat":"none","_seopress_titles_title":"FiveMount Small Flat Top Iron - Be effective & save time!","_seopress_titles_desc":"Our FiveMount Small Flat Top Iron makes you create fried snacks 5x as fast! New & improved cooking tools for chefs around the world! Be Faster","_seopress_robots_index":"","wprm-recipe-roundup-name":"","wprm-recipe-roundup-description":""},"product_brand":[],"product_cat":[278,152,170],"product_tag":[],"class_list":{"0":"post-13210","1":"product","2":"type-product","3":"status-publish","4":"has-post-thumbnail","6":"product_cat-20-off-croustade","7":"product_cat-croustade-iron-and-rosette-iron","8":"product_cat-fivemount-croustade-iron","9":"product-type-variable","10":"tm-no-options","12":"first","13":"instock","14":"sale","15":"taxable","16":"shipping-taxable","17":"purchasable","19":"has-default-attributes"},"acf":[],"_links":{"self":[{"href":"https:\/\/nordic-chefs.com\/sv\/wp-json\/wp\/v2\/product\/13210","targetHints":{"allow":["GET"]}}],"collection":[{"href":"https:\/\/nordic-chefs.com\/sv\/wp-json\/wp\/v2\/product"}],"about":[{"href":"https:\/\/nordic-chefs.com\/sv\/wp-json\/wp\/v2\/types\/product"}],"version-history":[{"count":0,"href":"https:\/\/nordic-chefs.com\/sv\/wp-json\/wp\/v2\/product\/13210\/revisions"}],"wp:featuredmedia":[{"embeddable":true,"href":"https:\/\/nordic-chefs.com\/sv\/wp-json\/wp\/v2\/media\/13198"}],"wp:attachment":[{"href":"https:\/\/nordic-chefs.com\/sv\/wp-json\/wp\/v2\/media?parent=13210"}],"wp:term":[{"taxonomy":"product_brand","embeddable":true,"href":"https:\/\/nordic-chefs.com\/sv\/wp-json\/wp\/v2\/product_brand?post=13210"},{"taxonomy":"product_cat","embeddable":true,"href":"https:\/\/nordic-chefs.com\/sv\/wp-json\/wp\/v2\/product_cat?post=13210"},{"taxonomy":"product_tag","embeddable":true,"href":"https:\/\/nordic-chefs.com\/sv\/wp-json\/wp\/v2\/product_tag?post=13210"}],"curies":[{"name":"wp","href":"https:\/\/api.w.org\/{rel}","templated":true}]}}