{"id":14120,"date":"2025-04-07T23:51:10","date_gmt":"2025-04-07T21:51:10","guid":{"rendered":"https:\/\/nordic-chefs.com\/?post_type=product&#038;p=14120"},"modified":"2026-04-07T16:46:33","modified_gmt":"2026-04-07T14:46:33","slug":"6-delar-dubbel-rosett-jarn-bunuelo-form-set","status":"publish","type":"product","link":"https:\/\/nordic-chefs.com\/sv\/shop\/6-piece-double-rosette-iron-bunuelo-mold-set\/","title":{"rendered":"6-delad dubbel rosettj\u00e4rn- och bunueloformssats"},"content":{"rendered":"<p>Ta dina stekf\u00e4rdigheter till n\u00e4sta niv\u00e5 med detta 6-delade set med dubbla handtag f\u00f6r rosettj\u00e4rn och bunueloformar fr\u00e5n Nordic Chefs, en viktig samling kockverktyg f\u00f6r alla k\u00f6k. Detta set \u00e4r designat f\u00f6r kockar och passionerade hemmakockar och inneh\u00e5ller tv\u00e5 av varje form - totalt tolv utbytbara huvuden - tillverkade av v\u00e4rmebest\u00e4ndigt aluminium f\u00f6r j\u00e4mn stekning och enkel lossning.<\/p>\n<p>De tv\u00e5 ergonomiska, halkfria dubbelhandtagen ger ett s\u00e4kert grepp och g\u00f6r det enkelt att tillaga mexikanska bu\u00f1uelos, franska croustader och andra krispiga godsaker. Oavsett om det \u00e4r i ett professionellt k\u00f6k eller hemma garanterar detta m\u00e5ngsidiga verktyg konsekventa, gyllene resultat varje g\u00e5ng.<\/p>\n<p>Vad ing\u00e5r?<\/p>\n<p>\u2714 2x Croustade Mold<\/p>\n<p>\u2714 2x Rosettj\u00e4rn<\/p>\n<p>\u2714 2x liten platt toppform<\/p>\n<p>\u2714 2x Ring Bunuelo M\u00f6gel<\/p>\n<p>\u2714 2x Oval Croustade Head<\/p>\n<p>\u2714 2x Croustade-j\u00e4rn med platt topp<\/p>\n<p>\u2714 2x dubbelt handtag<\/p>\n<p>Viktiga f\u00f6rdelar:<\/p>\n<p>\u2705 Design f\u00f6r flera anv\u00e4ndningsomr\u00e5den - perfekt f\u00f6r bu\u00f1uelos, rosetter och minit\u00e5rtor<\/p>\n<p>\u2705 Naturally Non-Stick - ger enkel frig\u00f6ring och minimal r\u00f6ra<\/p>\n<p>\u2705 Ergonomiska handtag - halkfritt grepp f\u00f6r exakt kontroll<\/p>\n<p>\u2705 Slitstark och v\u00e4rmet\u00e5lig - byggd f\u00f6r frekvent anv\u00e4ndning vid stekning<\/p>\n<p>\u2705 Bonus - Inneh\u00e5ller ett Michelin-inspirerat recept<\/p>","protected":false},"excerpt":{"rendered":"<p>Ta dina stekf\u00e4rdigheter till n\u00e4sta niv\u00e5 med detta 6-delade set med dubbla handtag f\u00f6r rosettj\u00e4rn och bunueloformar fr\u00e5n Nordic Chefs, en viktig samling kockverktyg f\u00f6r alla k\u00f6k. Detta set \u00e4r designat f\u00f6r kockar och passionerade hemmakockar och inneh\u00e5ller tv\u00e5 av varje form - totalt tolv utbytbara huvuden - tillverkade av v\u00e4rmebest\u00e4ndigt aluminium f\u00f6r j\u00e4mn stekning och enkel lossning.<\/p>","protected":false},"featured_media":18852,"template":"","meta":{"_acf_changed":false,"_seopress_robots_primary_cat":"none","_seopress_titles_title":"","_seopress_titles_desc":"","_seopress_robots_index":""},"product_brand":[],"product_cat":[151,152,168],"product_tag":[],"class_list":{"0":"post-14120","1":"product","2":"type-product","3":"status-publish","4":"has-post-thumbnail","6":"product_cat-bestsellers","7":"product_cat-croustade-iron-and-rosette-iron","8":"product_cat-double-iron","9":"product-type-variable","10":"tm-no-options","12":"first","13":"instock","14":"taxable","15":"shipping-taxable","16":"purchasable","18":"has-default-attributes"},"acf":[],"_links":{"self":[{"href":"https:\/\/nordic-chefs.com\/sv\/wp-json\/wp\/v2\/product\/14120","targetHints":{"allow":["GET"]}}],"collection":[{"href":"https:\/\/nordic-chefs.com\/sv\/wp-json\/wp\/v2\/product"}],"about":[{"href":"https:\/\/nordic-chefs.com\/sv\/wp-json\/wp\/v2\/types\/product"}],"version-history":[{"count":0,"href":"https:\/\/nordic-chefs.com\/sv\/wp-json\/wp\/v2\/product\/14120\/revisions"}],"wp:featuredmedia":[{"embeddable":true,"href":"https:\/\/nordic-chefs.com\/sv\/wp-json\/wp\/v2\/media\/18852"}],"wp:attachment":[{"href":"https:\/\/nordic-chefs.com\/sv\/wp-json\/wp\/v2\/media?parent=14120"}],"wp:term":[{"taxonomy":"product_brand","embeddable":true,"href":"https:\/\/nordic-chefs.com\/sv\/wp-json\/wp\/v2\/product_brand?post=14120"},{"taxonomy":"product_cat","embeddable":true,"href":"https:\/\/nordic-chefs.com\/sv\/wp-json\/wp\/v2\/product_cat?post=14120"},{"taxonomy":"product_tag","embeddable":true,"href":"https:\/\/nordic-chefs.com\/sv\/wp-json\/wp\/v2\/product_tag?post=14120"}],"curies":[{"name":"wp","href":"https:\/\/api.w.org\/{rel}","templated":true}]}}