{"id":14248,"date":"2025-04-17T20:55:41","date_gmt":"2025-04-17T18:55:41","guid":{"rendered":"https:\/\/nordic-chefs.com\/shop\/uncategorized\/the-ultimate-cutter-set\/"},"modified":"2026-02-20T23:39:36","modified_gmt":"2026-02-20T21:39:36","slug":"den-ultimata-frasuppsattningen","status":"publish","type":"product","link":"https:\/\/nordic-chefs.com\/sv\/shop\/the-ultimate-cutter-set\/","title":{"rendered":"Den ultimata fr\u00e4supps\u00e4ttningen"},"content":{"rendered":"<p>Ultimate Cutter Set \u00e4r den kompletta l\u00f6sningen f\u00f6r kockar och ambiti\u00f6sa hemmakockar som kr\u00e4ver precision och m\u00e5ngsidighet i k\u00f6ket. Det h\u00e4r setet kombinerar fyra av v\u00e5ra mest popul\u00e4ra sk\u00e4rsatser till ett enda - s\u00e5 att du f\u00e5r r\u00e4tt verktyg f\u00f6r varje uppgift, fr\u00e5n k\u00e4nslig pl\u00e4tering till st\u00f6rre f\u00f6rberedelser och dessertpresentation.<\/p>\n<p>Varje ring \u00e4r tillverkad av h\u00f6gkvalitativt rostfritt st\u00e5l utan synlig svetsning och ger enkelt sl\u00e4ta, perfekt runda snitt. Anv\u00e4nd den medf\u00f6ljande pressen f\u00f6r att forma r\u00e4tter som tonfisktartar, kaviar eller raffinerade desserter. Oavsett om du arbetar med sm\u00e5 detaljer eller stora portioner garanterar den h\u00e4r upps\u00e4ttningen konsistens och elegans under press.<\/p>\n<p>Upps\u00e4ttningen inneh\u00e5ller:<\/p>\n<p>1 x Pressats f\u00f6r avbitart\u00e5ng (8 st)<\/p>\n<p>1 x Kit f\u00f6r avbitart\u00e5ng (11 st)<\/p>\n<p>1 x Stor sk\u00e4rsats (6 st - Add On Kit)<\/p>\n<p>1 x Sats f\u00f6r sm\u00e5 avbitare (5 st - annonser p\u00e5 satsen)<\/p>\n<p>Tillverkad och designad av nordiska kockar<\/p>","protected":false},"excerpt":{"rendered":"<p style=\"text-align: center\">Ultimate Cutter Set \u00e4r den kompletta l\u00f6sningen f\u00f6r kockar och ambiti\u00f6sa hemmakockar som kr\u00e4ver precision och m\u00e5ngsidighet i k\u00f6ket. Det h\u00e4r setet kombinerar fyra av v\u00e5ra mest popul\u00e4ra sk\u00e4rsatser till ett enda - s\u00e5 att du f\u00e5r r\u00e4tt verktyg f\u00f6r varje uppgift, fr\u00e5n k\u00e4nslig pl\u00e4tering till st\u00f6rre f\u00f6rberedelser och dessertpresentation.<\/p>\n<p style=\"text-align: center\">Upps\u00e4ttningen inneh\u00e5ller:<\/p>\n<p style=\"text-align: center\">1 x Pressats f\u00f6r avbitart\u00e5ng (8 st)<\/p>\n<p style=\"text-align: center\">1 x Kit f\u00f6r avbitart\u00e5ng (11 st)<\/p>\n<p style=\"text-align: center\">1 x Stor sk\u00e4rsats (6 st - Add On Kit)<\/p>\n<p style=\"text-align: center\">1 x Sats f\u00f6r sm\u00e5 avbitare (5 st - annonser p\u00e5 satsen)<\/p>\n<p style=\"text-align: center\">Tillverkad och designad av nordiska kockar<\/p>","protected":false},"featured_media":10025,"template":"","meta":{"_acf_changed":false,"_seopress_robots_primary_cat":"none","_seopress_titles_title":"Ultimate Cutter Set for Professional Chefs and Home Cooks","_seopress_titles_desc":"Stainless Steel Food Rings and Press for Perfect Plating - Desserts, Tartare, and Elegant Presentation. Made from one piece of steel in Jet Black","_seopress_robots_index":"","wprm-recipe-roundup-name":"","wprm-recipe-roundup-description":""},"product_brand":[],"product_cat":[116,105],"product_tag":[25],"class_list":{"0":"post-14248","1":"product","2":"type-product","3":"status-publish","4":"has-post-thumbnail","6":"product_cat-cutter","7":"product_cat-kitchen-utensils","8":"product_tag-engraving","9":"product-type-simple","10":"tm-has-options","12":"first","13":"instock","14":"taxable","15":"shipping-taxable","16":"purchasable"},"acf":[],"_links":{"self":[{"href":"https:\/\/nordic-chefs.com\/sv\/wp-json\/wp\/v2\/product\/14248","targetHints":{"allow":["GET"]}}],"collection":[{"href":"https:\/\/nordic-chefs.com\/sv\/wp-json\/wp\/v2\/product"}],"about":[{"href":"https:\/\/nordic-chefs.com\/sv\/wp-json\/wp\/v2\/types\/product"}],"version-history":[{"count":0,"href":"https:\/\/nordic-chefs.com\/sv\/wp-json\/wp\/v2\/product\/14248\/revisions"}],"wp:featuredmedia":[{"embeddable":true,"href":"https:\/\/nordic-chefs.com\/sv\/wp-json\/wp\/v2\/media\/10025"}],"wp:attachment":[{"href":"https:\/\/nordic-chefs.com\/sv\/wp-json\/wp\/v2\/media?parent=14248"}],"wp:term":[{"taxonomy":"product_brand","embeddable":true,"href":"https:\/\/nordic-chefs.com\/sv\/wp-json\/wp\/v2\/product_brand?post=14248"},{"taxonomy":"product_cat","embeddable":true,"href":"https:\/\/nordic-chefs.com\/sv\/wp-json\/wp\/v2\/product_cat?post=14248"},{"taxonomy":"product_tag","embeddable":true,"href":"https:\/\/nordic-chefs.com\/sv\/wp-json\/wp\/v2\/product_tag?post=14248"}],"curies":[{"name":"wp","href":"https:\/\/api.w.org\/{rel}","templated":true}]}}