{"id":14929,"date":"2025-06-26T14:24:09","date_gmt":"2025-06-26T12:24:09","guid":{"rendered":"https:\/\/nordic-chefs.com\/?post_type=product&#038;p=14929"},"modified":"2025-12-16T15:12:42","modified_gmt":"2025-12-16T13:12:42","slug":"monaka-tartelette","status":"publish","type":"product","link":"https:\/\/nordic-chefs.com\/sv\/shop\/monaka-tartelette\/","title":{"rendered":"Monaka Tartelette Set"},"content":{"rendered":"<p>V\u00e5rt Monaka tartelette set \u00e4r utvecklat i samarbete med Michelin-kocken Edward Lee fr\u00e5n restaurang Udtryk i K\u00f6penhamn. Han \u00f6ppnade sina d\u00f6rrar i maj 2025 och fick sin f\u00f6rsta Michelinstj\u00e4rna n\u00e5gonsin efter 41 dagars \u00f6ppeth\u00e5llande.<\/p>\n<p>Den h\u00e4r formen best\u00e5r av 5 i en och \u00e4r inspirerad av de japanska krispiga s\u00f6tsakerna gjorda av mochi (krispigt ris). Designen \u00e4r gjord s\u00e5 att du kan fylla dem och anv\u00e4nda dem f\u00f6r att g\u00f6ra mochi eller s\u00e5 kan du anv\u00e4nda dem som en tartelett som Edward har gjort.<\/p>\n<p>Formen levereras med 5 mittbitar f\u00f6r att g\u00f6ra tarteletten och en sk\u00e4rare f\u00f6r en fin kant.<\/p>\n<p>Silikonformarna \u00e4r tillverkade i Danmark och t\u00e5l mellan -40 och 250+ grader.<\/p>","protected":false},"excerpt":{"rendered":"<p style=\"text-align: center;\">Our <strong>Monaka<\/strong> tartelette set is developed in collaboration with <strong>Michelin chef Edward Lee<\/strong> from restaurant Udtryk in <strong>Copenhagen<\/strong>. He opened his doors may of 2025 and received his first ever <strong>michelin star<\/strong> after 41 days of having been open.<\/p>\n<p style=\"text-align: center;\">Den h\u00e4r formen best\u00e5r av 5 i en och \u00e4r inspirerad av de japanska krispiga s\u00f6tsakerna gjorda av mochi (krispigt ris). Designen \u00e4r gjord s\u00e5 att du kan fylla dem och anv\u00e4nda dem f\u00f6r att g\u00f6ra mochi eller s\u00e5 kan du anv\u00e4nda dem som en tartelett som Edward har gjort.<\/p>","protected":false},"featured_media":14917,"template":"","meta":{"_acf_changed":false,"_seopress_robots_primary_cat":"none","_seopress_titles_title":"Monaka tartelette set inspired by a japanese sweet","_seopress_titles_desc":"With our japanese inspired tart you are able to create crips monaka shells - made in collaboration with Restaurant Udtryk - 1 michelin star","_seopress_robots_index":""},"product_brand":[],"product_cat":[91,104,136],"product_tag":[],"class_list":{"0":"post-14929","1":"product","2":"type-product","3":"status-publish","4":"has-post-thumbnail","6":"product_cat-silicone-molds","7":"product_cat-silicone-molds-3d","8":"product_cat-tartelette-silicone-molds","9":"product-type-simple","10":"tm-no-options","12":"first","13":"instock","14":"taxable","15":"shipping-taxable","16":"purchasable"},"acf":[],"_links":{"self":[{"href":"https:\/\/nordic-chefs.com\/sv\/wp-json\/wp\/v2\/product\/14929","targetHints":{"allow":["GET"]}}],"collection":[{"href":"https:\/\/nordic-chefs.com\/sv\/wp-json\/wp\/v2\/product"}],"about":[{"href":"https:\/\/nordic-chefs.com\/sv\/wp-json\/wp\/v2\/types\/product"}],"version-history":[{"count":0,"href":"https:\/\/nordic-chefs.com\/sv\/wp-json\/wp\/v2\/product\/14929\/revisions"}],"wp:featuredmedia":[{"embeddable":true,"href":"https:\/\/nordic-chefs.com\/sv\/wp-json\/wp\/v2\/media\/14917"}],"wp:attachment":[{"href":"https:\/\/nordic-chefs.com\/sv\/wp-json\/wp\/v2\/media?parent=14929"}],"wp:term":[{"taxonomy":"product_brand","embeddable":true,"href":"https:\/\/nordic-chefs.com\/sv\/wp-json\/wp\/v2\/product_brand?post=14929"},{"taxonomy":"product_cat","embeddable":true,"href":"https:\/\/nordic-chefs.com\/sv\/wp-json\/wp\/v2\/product_cat?post=14929"},{"taxonomy":"product_tag","embeddable":true,"href":"https:\/\/nordic-chefs.com\/sv\/wp-json\/wp\/v2\/product_tag?post=14929"}],"curies":[{"name":"wp","href":"https:\/\/api.w.org\/{rel}","templated":true}]}}