{"id":15983,"date":"2025-09-09T15:05:03","date_gmt":"2025-09-09T13:05:03","guid":{"rendered":"https:\/\/nordic-chefs.com\/?post_type=product&#038;p=15983"},"modified":"2026-02-20T23:37:37","modified_gmt":"2026-02-20T21:37:37","slug":"blomma-krans-huvud-begransad-upplaga","status":"publish","type":"product","link":"https:\/\/nordic-chefs.com\/sv\/shop\/flower-croustade-head-limited-edition\/","title":{"rendered":"Blomkaksform"},"content":{"rendered":"<p style=\"text-align: center\" data-start=\"578\" data-end=\"760\">Blomkroustadformen \u00e4r en f\u00f6rfinad version av den traditionella sm\u00f6rdegsformen \u2013 designad med en bred, kronbladsform som \u00f6ppnar upp dina m\u00f6jligheter till uppl\u00e4ggning.<\/p>\n<p style=\"text-align: center\" data-start=\"762\" data-end=\"1000\">Inspirerad av naturliga blomformer ger detta huvud dig m\u00f6jlighet att skapa eleganta tarteletter med en mjuk, blommande profil. Den \u00e4r idealisk f\u00f6r kockar som s\u00f6ker ett visuellt sl\u00e5ende skal som rymmer gener\u00f6sa fyllningar samtidigt som kanterna h\u00e5ller sig krispiga. Skapa ditt alldeles eget snacks med v\u00e5r blomform.<\/p>\n<p style=\"text-align: center\" data-start=\"1002\" data-end=\"1237\">Tillverkad av f\u00f6rstklassigt aluminiumst\u00e5l, den \u00e4r byggd f\u00f6r professionella k\u00f6k men l\u00e4tt nog f\u00f6r hemmabruk. Oavsett om du skapar kanap\u00e9er, amuse-bouches eller miniatyrdesserter, levererar Flower Croustade Mold b\u00e5de sk\u00f6nhet och precision.<\/p>\n<p style=\"text-align: center\" data-start=\"1002\" data-end=\"1237\"><span style=\"font-size: 8pt\"><strong data-start=\"1241\" data-end=\"1257\">V\u00e4nligen notera:<\/strong><\/span><span style=\"font-size: 8pt\"> Denna produkt inkluderar endast formhuvudet. Kompatibla handtag m\u00e5ste k\u00f6pas separat.<\/span><\/p>","protected":false},"excerpt":{"rendered":"<p style=\"text-align: center\" data-start=\"578\" data-end=\"760\">BEGR\u00c4NSAD UPPLAGA<\/p>\n<p style=\"text-align: center\" data-start=\"578\" data-end=\"760\">Den <em data-start=\"604\" data-end=\"627\">Blomkranshuvud<\/em> \u00e4r en f\u00f6rfinad version av den traditionella pajformen \u2013 utformad med en bred, kronbladsformad \u00f6ppning som ut\u00f6kar dina m\u00f6jligheter f\u00f6r uppl\u00e4ggning.<\/p>\n<p><span style=\"font-size: 12pt\"><strong data-start=\"1241\" data-end=\"1257\">V\u00e4nligen notera:<\/strong> Denna produkt inkluderar endast formhuvudet. Kompatibla handtag m\u00e5ste k\u00f6pas separat.<\/span><\/p>","protected":false},"featured_media":18788,"template":"","meta":{"_acf_changed":false,"_seopress_robots_primary_cat":"none","_seopress_titles_title":"Flower Croustade Mold \u2013 Professional pie tee chef tool","_seopress_titles_desc":"Create flower-shaped croustades with this elegant head. Create a tart shell with our flower pie tee mold - minimalistic and presentable for every guest","_seopress_robots_index":"","wprm-recipe-roundup-name":"","wprm-recipe-roundup-description":""},"product_brand":[],"product_cat":[267,152,168,167],"product_tag":[],"class_list":{"0":"post-15983","1":"product","2":"type-product","3":"status-publish","4":"has-post-thumbnail","6":"product_cat-croustade-bunuelos-molds","7":"product_cat-croustade-iron-and-rosette-iron","8":"product_cat-double-iron","9":"product_cat-single-iron","10":"product-type-simple","11":"tm-no-options","13":"first","14":"instock","15":"taxable","16":"shipping-taxable","17":"purchasable"},"acf":[],"_links":{"self":[{"href":"https:\/\/nordic-chefs.com\/sv\/wp-json\/wp\/v2\/product\/15983","targetHints":{"allow":["GET"]}}],"collection":[{"href":"https:\/\/nordic-chefs.com\/sv\/wp-json\/wp\/v2\/product"}],"about":[{"href":"https:\/\/nordic-chefs.com\/sv\/wp-json\/wp\/v2\/types\/product"}],"version-history":[{"count":0,"href":"https:\/\/nordic-chefs.com\/sv\/wp-json\/wp\/v2\/product\/15983\/revisions"}],"wp:featuredmedia":[{"embeddable":true,"href":"https:\/\/nordic-chefs.com\/sv\/wp-json\/wp\/v2\/media\/18788"}],"wp:attachment":[{"href":"https:\/\/nordic-chefs.com\/sv\/wp-json\/wp\/v2\/media?parent=15983"}],"wp:term":[{"taxonomy":"product_brand","embeddable":true,"href":"https:\/\/nordic-chefs.com\/sv\/wp-json\/wp\/v2\/product_brand?post=15983"},{"taxonomy":"product_cat","embeddable":true,"href":"https:\/\/nordic-chefs.com\/sv\/wp-json\/wp\/v2\/product_cat?post=15983"},{"taxonomy":"product_tag","embeddable":true,"href":"https:\/\/nordic-chefs.com\/sv\/wp-json\/wp\/v2\/product_tag?post=15983"}],"curies":[{"name":"wp","href":"https:\/\/api.w.org\/{rel}","templated":true}]}}