{"id":17393,"date":"2025-11-17T16:27:26","date_gmt":"2025-11-17T14:27:26","guid":{"rendered":"https:\/\/nordic-chefs.com\/?post_type=product&#038;p=17393"},"modified":"2026-04-20T14:34:38","modified_gmt":"2026-04-20T12:34:38","slug":"nordic-halo-jordnara-utgava","status":"publish","type":"product","link":"https:\/\/nordic-chefs.com\/sv\/shop\/nordic-halo-jordnaer-edition\/","title":{"rendered":"Nordic Halo \u2013 Jordn\u00e6r Edition"},"content":{"rendered":"<p><strong>Den <em data-start=\"363\" data-end=\"394\">Nordic Halo \u2013 Jordn\u00e6r Edition<\/em> <\/strong><\/p>\n<p>\u00e4r en precisionsdesignad silikonform utvecklad i samarbete med Michelin-stj\u00e4rnkocken Eric Vildgaard, \u00e4gare och k\u00f6ksm\u00e4stare p\u00e5 restaurang Jordn\u00e6r. Formen \u00e4r skapad f\u00f6r att lyfta modern plating och l\u00e5ter kockar skapa rena mousse-, pur\u00e9- eller gelringar med en inbyggd quenelleplattform f\u00f6r en minimalistisk och mycket f\u00f6rfinad presentation.<\/p>\n<p data-start=\"418\" data-end=\"683\">Producerad i <strong data-start=\"430\" data-end=\"441\">Danmark, <\/strong>varje objekt inkluderar <strong data-start=\"498\" data-end=\"520\">2 individuella formar<\/strong> tillverkad av <strong data-start=\"531\" data-end=\"559\">100% silikon av livsmedelskvalitet<\/strong>.<\/p>\n<p data-start=\"418\" data-end=\"683\">Byggd f\u00f6r proffs, hanterar den temperaturer fr\u00e5n <strong data-start=\"615\" data-end=\"634\">-50\u00b0C till +250\u00b0C<\/strong>vilket g\u00f6r den perfekt f\u00f6r <strong data-start=\"658\" data-end=\"682\">anv\u00e4ndning av frys och ugn<\/strong>.<\/p>\n<p data-start=\"685\" data-end=\"782\">Slitstark, flexibel och l\u00e4tt att lossa - en gjutform som \u00e4r gjord f\u00f6r att uppfylla kraven i fina restaurangk\u00f6k.<\/p>\n<p>&nbsp;<\/p>","protected":false},"excerpt":{"rendered":"<p>Tillverkad i samarbete med restaurang Jordn\u00e6r, denna precisionsform i silikon g\u00f6r det m\u00f6jligt f\u00f6r kockar att skapa felfria mousseformer med en integrerad quenelle-plattform, idealisk f\u00f6r raffinerad nordisk servering.<\/p>","protected":false},"featured_media":17902,"template":"","meta":{"_acf_changed":false,"_seopress_robots_primary_cat":"none","_seopress_titles_title":"Nordic Halo \u2013 Jordn\u00e6r Edition | Silicone Quenelle Ring Mold","_seopress_titles_desc":"Premium silicone plating ring mold co-developed with Restaurant Jordn\u00e6r. Made for precision mousse, quenelle and modern fine dining presentation.","_seopress_robots_index":"","wprm-recipe-roundup-name":"","wprm-recipe-roundup-description":""},"product_brand":[],"product_cat":[91,104],"product_tag":[],"class_list":{"0":"post-17393","1":"product","2":"type-product","3":"status-publish","4":"has-post-thumbnail","6":"product_cat-silicone-molds","7":"product_cat-silicone-molds-3d","8":"product-type-simple","9":"tm-no-options","11":"first","12":"instock","13":"taxable","14":"shipping-taxable","15":"purchasable"},"acf":[],"_links":{"self":[{"href":"https:\/\/nordic-chefs.com\/sv\/wp-json\/wp\/v2\/product\/17393","targetHints":{"allow":["GET"]}}],"collection":[{"href":"https:\/\/nordic-chefs.com\/sv\/wp-json\/wp\/v2\/product"}],"about":[{"href":"https:\/\/nordic-chefs.com\/sv\/wp-json\/wp\/v2\/types\/product"}],"version-history":[{"count":1,"href":"https:\/\/nordic-chefs.com\/sv\/wp-json\/wp\/v2\/product\/17393\/revisions"}],"predecessor-version":[{"id":20029,"href":"https:\/\/nordic-chefs.com\/sv\/wp-json\/wp\/v2\/product\/17393\/revisions\/20029"}],"wp:featuredmedia":[{"embeddable":true,"href":"https:\/\/nordic-chefs.com\/sv\/wp-json\/wp\/v2\/media\/17902"}],"wp:attachment":[{"href":"https:\/\/nordic-chefs.com\/sv\/wp-json\/wp\/v2\/media?parent=17393"}],"wp:term":[{"taxonomy":"product_brand","embeddable":true,"href":"https:\/\/nordic-chefs.com\/sv\/wp-json\/wp\/v2\/product_brand?post=17393"},{"taxonomy":"product_cat","embeddable":true,"href":"https:\/\/nordic-chefs.com\/sv\/wp-json\/wp\/v2\/product_cat?post=17393"},{"taxonomy":"product_tag","embeddable":true,"href":"https:\/\/nordic-chefs.com\/sv\/wp-json\/wp\/v2\/product_tag?post=17393"}],"curies":[{"name":"wp","href":"https:\/\/api.w.org\/{rel}","templated":true}]}}