{"id":18810,"date":"2026-02-03T00:56:44","date_gmt":"2026-02-02T22:56:44","guid":{"rendered":"https:\/\/nordic-chefs.com\/?post_type=product&#038;p=18810"},"modified":"2026-03-23T23:32:39","modified_gmt":"2026-03-23T21:32:39","slug":"build-your-own-croustade-set","status":"publish","type":"product","link":"https:\/\/nordic-chefs.com\/sv\/shop\/build-your-own-croustade-set\/","title":{"rendered":"Bygg din egen \u2013 Croustade-set (1 j\u00e4rn + 4 formar)"},"content":{"rendered":"<p>Skapa eleganta, krispiga croustader med professionella formar och verktyg. Dessa verktyg \u00e4r designade f\u00f6r precision och j\u00e4mnhet och hj\u00e4lper dig att forma delikata bakverk som beh\u00e5ller sin form och krispighet \u2013 perfekt f\u00f6r eleganta f\u00f6rr\u00e4tter, desserter och kanap\u00e9er.<\/p>","protected":false},"excerpt":{"rendered":"<p>Skapa eleganta, krispiga croustader med professionella formar och verktyg. Dessa verktyg \u00e4r designade f\u00f6r precision och j\u00e4mnhet och hj\u00e4lper dig att forma delikata bakverk som beh\u00e5ller sin form och krispighet \u2013 perfekt f\u00f6r eleganta f\u00f6rr\u00e4tter, desserter och kanap\u00e9er.<\/p>","protected":false},"featured_media":19334,"template":"","meta":{"_acf_changed":false,"_seopress_robots_primary_cat":"none","_seopress_titles_title":"","_seopress_titles_desc":"","_seopress_robots_index":"","wprm-recipe-roundup-name":"","wprm-recipe-roundup-description":""},"product_brand":[],"product_cat":[247,237,152],"product_tag":[],"class_list":{"0":"post-18810","1":"product","2":"type-product","3":"status-publish","4":"has-post-thumbnail","6":"product_cat-buildyourown","7":"product_cat-bundle","8":"product_cat-croustade-iron-and-rosette-iron","9":"product-type-easy_product_bundle","10":"tm-no-options","12":"first","13":"instock","14":"taxable","15":"shipping-taxable","16":"purchasable"},"acf":[],"_links":{"self":[{"href":"https:\/\/nordic-chefs.com\/sv\/wp-json\/wp\/v2\/product\/18810","targetHints":{"allow":["GET"]}}],"collection":[{"href":"https:\/\/nordic-chefs.com\/sv\/wp-json\/wp\/v2\/product"}],"about":[{"href":"https:\/\/nordic-chefs.com\/sv\/wp-json\/wp\/v2\/types\/product"}],"version-history":[{"count":1,"href":"https:\/\/nordic-chefs.com\/sv\/wp-json\/wp\/v2\/product\/18810\/revisions"}],"predecessor-version":[{"id":19600,"href":"https:\/\/nordic-chefs.com\/sv\/wp-json\/wp\/v2\/product\/18810\/revisions\/19600"}],"wp:featuredmedia":[{"embeddable":true,"href":"https:\/\/nordic-chefs.com\/sv\/wp-json\/wp\/v2\/media\/19334"}],"wp:attachment":[{"href":"https:\/\/nordic-chefs.com\/sv\/wp-json\/wp\/v2\/media?parent=18810"}],"wp:term":[{"taxonomy":"product_brand","embeddable":true,"href":"https:\/\/nordic-chefs.com\/sv\/wp-json\/wp\/v2\/product_brand?post=18810"},{"taxonomy":"product_cat","embeddable":true,"href":"https:\/\/nordic-chefs.com\/sv\/wp-json\/wp\/v2\/product_cat?post=18810"},{"taxonomy":"product_tag","embeddable":true,"href":"https:\/\/nordic-chefs.com\/sv\/wp-json\/wp\/v2\/product_tag?post=18810"}],"curies":[{"name":"wp","href":"https:\/\/api.w.org\/{rel}","templated":true}]}}