{"id":18812,"date":"2026-02-03T01:07:43","date_gmt":"2026-02-02T23:07:43","guid":{"rendered":"https:\/\/nordic-chefs.com\/?post_type=product&#038;p=18812"},"modified":"2026-04-24T15:29:03","modified_gmt":"2026-04-24T13:29:03","slug":"6-delad-rosettjarnsbunuelform-set-vol-2","status":"publish","type":"product","link":"https:\/\/nordic-chefs.com\/sv\/shop\/6-piece-rosette-iron-bunuelo-mold-set-vol-2\/","title":{"rendered":"6-delars Rosettj\u00e4rn &amp; Bunuelform Set Vol 2"},"content":{"rendered":"<p>Ta dina stekkunskaper till n\u00e4sta niv\u00e5 med detta set med 6 rosettj\u00e4rn &amp; bu\u00f1uelformar fr\u00e5n Nordic Chefs, en oumb\u00e4rlig samling k\u00f6ksredskap f\u00f6r varje k\u00f6k. Setet \u00e4r utformat f\u00f6r kockar och passionerade hemmakockar och inkluderar sex utbytbara formar, tillverkade av v\u00e4rmebest\u00e4ndigt aluminium f\u00f6r j\u00e4mn stekning och enkel sl\u00e4ppning. Det ergonomiska halkfria handtaget ger ett s\u00e4kert grepp, vilket g\u00f6r det enkelt att f\u00f6rbereda mexikanska bu\u00f1uelos, franska croustades och andra krispiga godsaker. Oavsett om det \u00e4r i ett professionellt k\u00f6k eller hemma, garanterar detta m\u00e5ngsidiga verktyg konsekventa, gyllene resultat varje g\u00e5ng.<\/p>\n<h3><strong style=\"font-weight: bolder\">Vad ing\u00e5r?<\/strong><\/h3>\n<p>\u2714<span class=\"Apple-converted-space\">\u00a0<\/span>Etoile Form<span class=\"Apple-converted-space\">\u00a0<\/span>\u2714 Sexkantig form \u2714 O\u00e4ndlighetsform \u2714 Sn\u00f6flingform \u2714 Blomform \u2714 Konform<\/p>\n<h3><strong style=\"font-weight: bolder\">Viktiga f\u00f6rdelar:<\/strong><\/h3>\n<p>\u2705<span class=\"Apple-converted-space\">\u00a0<\/span><strong>Design f\u00f6r flera anv\u00e4ndningsomr\u00e5den<\/strong><span class=\"Apple-converted-space\">\u00a0<\/span>\u2013 Perfekt f\u00f6r friterad deg (bu\u00f1uelos), rosetter och mini-tarteletter \u2705<span class=\"Apple-converted-space\">\u00a0<\/span><strong>Naturligt Non-Stick<\/strong><span class=\"Apple-converted-space\">\u00a0<\/span>\u2013 S\u00e4kerst\u00e4ller enkel borttagning och minimalt kladd \u2705<span class=\"Apple-converted-space\">\u00a0<\/span><strong>Ergonomiskt handtag<\/strong><span class=\"Apple-converted-space\">\u00a0<\/span>\u2013 Halkskyddad yta f\u00f6r exakt kontroll \u2705<span class=\"Apple-converted-space\">\u00a0<\/span><strong>H\u00e5llbar och v\u00e4rmebest\u00e4ndig<\/strong><span class=\"Apple-converted-space\">\u00a0<\/span>\u2013 Byggd f\u00f6r frekvent fritering \u2705<span class=\"Apple-converted-space\">\u00a0<\/span><strong>Bonus<\/strong><span class=\"Apple-converted-space\">\u00a0<\/span>- Inneh\u00e5ller en<span class=\"Apple-converted-space\">\u00a0<\/span><strong>Michelin-inspirerat recept<\/strong><\/p>","protected":false},"excerpt":{"rendered":"<p><span style=\"font-family: Inter, sans-serif;font-size: 15px;font-style: normal;font-weight: 300;letter-spacing: normal;text-align: start;text-indent: 0px;text-transform: none;white-space: normal;text-decoration: none;display: inline !important;float: none\">Skapa perfekta bu\u00f1uelosformade bakverk med denna 5-delade k\u00f6ksredskapsupps\u00e4ttning (Vol 2). Denna slitstarka aluminiumupps\u00e4ttning har sex utbytbara formar och ett ergonomiskt handtag med halkskydd, vilket s\u00e4kerst\u00e4ller j\u00e4mn v\u00e4rmef\u00f6rdelning och enkel lossning. Perfekt f\u00f6r att g\u00f6ra krispiga bu\u00f1uelos, rosetter och mini tartelettbottnar. Inkluderar ett Michelin-inspirerat recept.<\/span><\/p>","protected":false},"featured_media":18834,"template":"","meta":{"_acf_changed":false,"_seopress_robots_primary_cat":"none","_seopress_titles_title":"","_seopress_titles_desc":"","_seopress_robots_index":"","wprm-recipe-roundup-name":"","wprm-recipe-roundup-description":""},"product_brand":[],"product_cat":[278,151,152,167],"product_tag":[],"class_list":{"0":"post-18812","1":"product","2":"type-product","3":"status-publish","4":"has-post-thumbnail","6":"product_cat-20-off-croustade","7":"product_cat-bestsellers","8":"product_cat-croustade-iron-and-rosette-iron","9":"product_cat-single-iron","10":"product-type-variable","11":"tm-no-options","13":"first","14":"instock","15":"sale","16":"taxable","17":"shipping-taxable","18":"purchasable","20":"has-default-attributes"},"acf":[],"_links":{"self":[{"href":"https:\/\/nordic-chefs.com\/sv\/wp-json\/wp\/v2\/product\/18812","targetHints":{"allow":["GET"]}}],"collection":[{"href":"https:\/\/nordic-chefs.com\/sv\/wp-json\/wp\/v2\/product"}],"about":[{"href":"https:\/\/nordic-chefs.com\/sv\/wp-json\/wp\/v2\/types\/product"}],"version-history":[{"count":1,"href":"https:\/\/nordic-chefs.com\/sv\/wp-json\/wp\/v2\/product\/18812\/revisions"}],"predecessor-version":[{"id":19961,"href":"https:\/\/nordic-chefs.com\/sv\/wp-json\/wp\/v2\/product\/18812\/revisions\/19961"}],"wp:featuredmedia":[{"embeddable":true,"href":"https:\/\/nordic-chefs.com\/sv\/wp-json\/wp\/v2\/media\/18834"}],"wp:attachment":[{"href":"https:\/\/nordic-chefs.com\/sv\/wp-json\/wp\/v2\/media?parent=18812"}],"wp:term":[{"taxonomy":"product_brand","embeddable":true,"href":"https:\/\/nordic-chefs.com\/sv\/wp-json\/wp\/v2\/product_brand?post=18812"},{"taxonomy":"product_cat","embeddable":true,"href":"https:\/\/nordic-chefs.com\/sv\/wp-json\/wp\/v2\/product_cat?post=18812"},{"taxonomy":"product_tag","embeddable":true,"href":"https:\/\/nordic-chefs.com\/sv\/wp-json\/wp\/v2\/product_tag?post=18812"}],"curies":[{"name":"wp","href":"https:\/\/api.w.org\/{rel}","templated":true}]}}