{"id":3686,"date":"2023-07-01T13:18:59","date_gmt":"2023-07-01T13:18:59","guid":{"rendered":"https:\/\/nordic-chefs.com\/?post_type=product&#038;p=3686"},"modified":"2026-02-20T23:40:23","modified_gmt":"2026-02-20T21:40:23","slug":"quenellespoonkit","status":"publish","type":"product","link":"https:\/\/nordic-chefs.com\/sv\/shop\/quenellespoonkit\/","title":{"rendered":"Quenelle skedsats - Texture-handtag, Jet Black"},"content":{"rendered":"<p>V\u00e5ra quenelleskedar \u00e4r tillverkade av h\u00f6gkvalitativt rostfritt st\u00e5l med v\u00e5r jet black-bel\u00e4ggning. Rocher-skeden \u00e4r inte bara vacker, dess speciella form kommer att hj\u00e4lpa dig att producera n\u00e5gra av de b\u00e4sta quenelle-sk\u00e5larna till din tallrik. Du kan anv\u00e4nda b\u00e5de en eller tv\u00e5 skedar f\u00f6r att forma den \u00f6nskade formen.<\/p>\n<p>Denna upps\u00e4ttning inneh\u00e5ller:<\/p>\n<p>Quenelle sked - Texturhandtag 20cm - Jet Black<br \/>\nQuenelle sked - Texturhandtag 14cm- Jet Black<\/p>","protected":false},"excerpt":{"rendered":"<p>Our Quenelle spoons are made of high quality stainless steel with our jet black coat. The Rocher Spoon is not only beautiful, its special shape will help you produce some of the best quenelle scoops for your plate. You are able to use both one or two spoons to form the wanted shape. This set [&hellip;]<\/p>\n","protected":false},"featured_media":10226,"template":"","meta":{"_acf_changed":false,"_seopress_robots_primary_cat":"none","_seopress_titles_title":"Quenelle Spoon Texture-Handle Kit: Made For Chefs!","_seopress_titles_desc":"Craft perfect quenelles with our elegant Nordic Chefs Rocher Spoons in jet black, crafted from fine stainless steel for unmatched style","_seopress_robots_index":""},"product_brand":[],"product_cat":[22],"product_tag":[],"class_list":{"0":"post-3686","1":"product","2":"type-product","3":"status-publish","4":"has-post-thumbnail","6":"product_cat-quenelle-spoon","7":"product-type-simple","8":"tm-no-options","10":"first","11":"onbackorder","12":"taxable","13":"shipping-taxable","14":"purchasable"},"acf":[],"_links":{"self":[{"href":"https:\/\/nordic-chefs.com\/sv\/wp-json\/wp\/v2\/product\/3686","targetHints":{"allow":["GET"]}}],"collection":[{"href":"https:\/\/nordic-chefs.com\/sv\/wp-json\/wp\/v2\/product"}],"about":[{"href":"https:\/\/nordic-chefs.com\/sv\/wp-json\/wp\/v2\/types\/product"}],"version-history":[{"count":0,"href":"https:\/\/nordic-chefs.com\/sv\/wp-json\/wp\/v2\/product\/3686\/revisions"}],"wp:featuredmedia":[{"embeddable":true,"href":"https:\/\/nordic-chefs.com\/sv\/wp-json\/wp\/v2\/media\/10226"}],"wp:attachment":[{"href":"https:\/\/nordic-chefs.com\/sv\/wp-json\/wp\/v2\/media?parent=3686"}],"wp:term":[{"taxonomy":"product_brand","embeddable":true,"href":"https:\/\/nordic-chefs.com\/sv\/wp-json\/wp\/v2\/product_brand?post=3686"},{"taxonomy":"product_cat","embeddable":true,"href":"https:\/\/nordic-chefs.com\/sv\/wp-json\/wp\/v2\/product_cat?post=3686"},{"taxonomy":"product_tag","embeddable":true,"href":"https:\/\/nordic-chefs.com\/sv\/wp-json\/wp\/v2\/product_tag?post=3686"}],"curies":[{"name":"wp","href":"https:\/\/api.w.org\/{rel}","templated":true}]}}