{"id":4135,"date":"2023-08-20T21:27:47","date_gmt":"2023-08-20T19:27:47","guid":{"rendered":"https:\/\/nordic-chefs.com\/product\/bunuelos-hearts-head\/"},"modified":"2026-02-17T23:58:13","modified_gmt":"2026-02-17T21:58:13","slug":"hjartform","status":"publish","type":"product","link":"https:\/\/nordic-chefs.com\/sv\/shop\/heart-mold\/","title":{"rendered":"Hj\u00e4rtformad pajform"},"content":{"rendered":"<p class=\"p1\">V\u00e5r Croustade-hj\u00e4rtform \u00e4r ett professionellt k\u00f6ksredskap tillverkat av premium aluminiumst\u00e5l. Oavsett om du skapar mexikanska snacks som Bu\u00f1uelos eller andra spr\u00f6da snacks, g\u00f6r denna aluminiumform det enkelt. Designad f\u00f6r anv\u00e4ndning i Michelin-restauranger, den \u00e4r ocks\u00e5 perfekt f\u00f6r hemmakockar som s\u00f6ker kvalitetsk\u00f6ksredskap. Med en naturligt non-stick yta p\u00e5 v\u00e5ra formhuvuden och v\u00e5rt halkfria handtag, erbjuder den komfort och precision i varje bakningssession.<\/p>\n<p class=\"p1\">V\u00e4nligen notera: <i>Denna produkt inneh\u00e5ller endast gjutformen. Handtag m\u00e5ste k\u00f6pas separat.<\/i><\/p>","protected":false},"excerpt":{"rendered":"<p>V\u00e5rt hj\u00e4rtformade Bu\u00f1uelos-huvud \u00e4r speciellt utformat f\u00f6r att skapa krispiga snacks \u2013 H\u00e5llbart, enkelt att reng\u00f6ra och anv\u00e4ndarv\u00e4nligt, det s\u00e4kerst\u00e4ller perfektion vid varje anv\u00e4ndning.<\/p>","protected":false},"featured_media":18053,"template":"","meta":{"_acf_changed":false,"_seopress_robots_primary_cat":"none","_seopress_titles_title":"Bunuelos Heart Iron : A chefs tool for various mexican snack","_seopress_titles_desc":"Bunuelos heart iron from Nordic Chefs - Made for Chef - Quality Kitchen Tool for Professional chefs","_seopress_robots_index":"","wprm-recipe-roundup-name":"","wprm-recipe-roundup-description":""},"product_brand":[],"product_cat":[267,152,168,167],"product_tag":[113],"class_list":{"0":"post-4135","1":"product","2":"type-product","3":"status-publish","4":"has-post-thumbnail","6":"product_cat-croustade-bunuelos-molds","7":"product_cat-croustade-iron-and-rosette-iron","8":"product_cat-double-iron","9":"product_cat-single-iron","10":"product_tag-head","11":"product-type-simple","12":"tm-no-options","14":"first","15":"instock","16":"taxable","17":"shipping-taxable","18":"purchasable"},"acf":[],"_links":{"self":[{"href":"https:\/\/nordic-chefs.com\/sv\/wp-json\/wp\/v2\/product\/4135","targetHints":{"allow":["GET"]}}],"collection":[{"href":"https:\/\/nordic-chefs.com\/sv\/wp-json\/wp\/v2\/product"}],"about":[{"href":"https:\/\/nordic-chefs.com\/sv\/wp-json\/wp\/v2\/types\/product"}],"version-history":[{"count":0,"href":"https:\/\/nordic-chefs.com\/sv\/wp-json\/wp\/v2\/product\/4135\/revisions"}],"wp:featuredmedia":[{"embeddable":true,"href":"https:\/\/nordic-chefs.com\/sv\/wp-json\/wp\/v2\/media\/18053"}],"wp:attachment":[{"href":"https:\/\/nordic-chefs.com\/sv\/wp-json\/wp\/v2\/media?parent=4135"}],"wp:term":[{"taxonomy":"product_brand","embeddable":true,"href":"https:\/\/nordic-chefs.com\/sv\/wp-json\/wp\/v2\/product_brand?post=4135"},{"taxonomy":"product_cat","embeddable":true,"href":"https:\/\/nordic-chefs.com\/sv\/wp-json\/wp\/v2\/product_cat?post=4135"},{"taxonomy":"product_tag","embeddable":true,"href":"https:\/\/nordic-chefs.com\/sv\/wp-json\/wp\/v2\/product_tag?post=4135"}],"curies":[{"name":"wp","href":"https:\/\/api.w.org\/{rel}","templated":true}]}}