{"id":4138,"date":"2023-08-20T21:30:47","date_gmt":"2023-08-20T19:30:47","guid":{"rendered":"https:\/\/nordic-chefs.com\/product\/bunuelos-ring-head\/"},"modified":"2026-02-17T23:59:51","modified_gmt":"2026-02-17T21:59:51","slug":"ringform","status":"publish","type":"product","link":"https:\/\/nordic-chefs.com\/sv\/shop\/ring-mold\/","title":{"rendered":"Ringform f\u00f6r croustade"},"content":{"rendered":"<p class=\"p1\" style=\"text-align: center\">V\u00e5r Bu\u00f1uelos-ringform \u00e4r ett k\u00f6ksverktyg av professionell kvalitet tillverkat av premium aluminiumst\u00e5l. Oavsett om du skapar krispiga snacks, traditionella Bu\u00f1uelos eller andra franska snacks, g\u00f6r den h\u00e4r aluminiumformen det enkelt f\u00f6r dig. Den \u00e4r utformad f\u00f6r att anv\u00e4ndas i k\u00f6k med Michelinstj\u00e4rnor, men \u00e4r ocks\u00e5 perfekt f\u00f6r hemmakockar som letar efter ett kockverktyg av h\u00f6g kvalitet. Med en naturligt non-stick yta p\u00e5 v\u00e5ra formhuvuden och v\u00e5rt halkfria handtag ger den komfort och precision i varje bakning.<\/p>\n<p class=\"p1\" style=\"text-align: center\">Byt enkelt mellan v\u00e5ra formar f\u00f6r bunuelos och \u00f6ppna upp f\u00f6r \u00e4nnu fler m\u00f6jligheter med v\u00e5rt oumb\u00e4rliga bunuelosverktyg.<\/p>","protected":false},"excerpt":{"rendered":"<p class=\"p1\" style=\"text-align: center\">Uppgradera ditt rosettj\u00e4rn med v\u00e5r bunuelosform - perfekt f\u00f6r att skapa unika och stekta bu\u00f1uelos i nya former och stilar.<br \/>\nV\u00e4nligen notera: <i>Denna produkt inneh\u00e5ller endast gjutformen. Handtag m\u00e5ste k\u00f6pas separat.<\/i><\/p>","protected":false},"featured_media":18067,"template":"","meta":{"_acf_changed":false,"_seopress_robots_primary_cat":"none","_seopress_titles_title":"Bunuelos Ring Iron professional chefs tool for fried snacks","_seopress_titles_desc":"fry gourmet Bunuelos with our premium bunuelos tool made for Michelin kitchens or home cooks. change your molds with ease - 21 different options","_seopress_robots_index":"","wprm-recipe-roundup-name":"","wprm-recipe-roundup-description":""},"product_brand":[],"product_cat":[267,152,168,167],"product_tag":[113],"class_list":{"0":"post-4138","1":"product","2":"type-product","3":"status-publish","4":"has-post-thumbnail","6":"product_cat-croustade-bunuelos-molds","7":"product_cat-croustade-iron-and-rosette-iron","8":"product_cat-double-iron","9":"product_cat-single-iron","10":"product_tag-head","11":"product-type-simple","12":"tm-no-options","14":"first","15":"instock","16":"taxable","17":"shipping-taxable","18":"purchasable"},"acf":[],"_links":{"self":[{"href":"https:\/\/nordic-chefs.com\/sv\/wp-json\/wp\/v2\/product\/4138","targetHints":{"allow":["GET"]}}],"collection":[{"href":"https:\/\/nordic-chefs.com\/sv\/wp-json\/wp\/v2\/product"}],"about":[{"href":"https:\/\/nordic-chefs.com\/sv\/wp-json\/wp\/v2\/types\/product"}],"version-history":[{"count":0,"href":"https:\/\/nordic-chefs.com\/sv\/wp-json\/wp\/v2\/product\/4138\/revisions"}],"wp:featuredmedia":[{"embeddable":true,"href":"https:\/\/nordic-chefs.com\/sv\/wp-json\/wp\/v2\/media\/18067"}],"wp:attachment":[{"href":"https:\/\/nordic-chefs.com\/sv\/wp-json\/wp\/v2\/media?parent=4138"}],"wp:term":[{"taxonomy":"product_brand","embeddable":true,"href":"https:\/\/nordic-chefs.com\/sv\/wp-json\/wp\/v2\/product_brand?post=4138"},{"taxonomy":"product_cat","embeddable":true,"href":"https:\/\/nordic-chefs.com\/sv\/wp-json\/wp\/v2\/product_cat?post=4138"},{"taxonomy":"product_tag","embeddable":true,"href":"https:\/\/nordic-chefs.com\/sv\/wp-json\/wp\/v2\/product_tag?post=4138"}],"curies":[{"name":"wp","href":"https:\/\/api.w.org\/{rel}","templated":true}]}}