{"id":4149,"date":"2023-08-20T21:54:28","date_gmt":"2023-08-20T19:54:28","guid":{"rendered":"https:\/\/nordic-chefs.com\/product\/flat-top-head\/"},"modified":"2026-02-17T23:57:03","modified_gmt":"2026-02-17T21:57:03","slug":"platt-topp-croustade-jarn","status":"publish","type":"product","link":"https:\/\/nordic-chefs.com\/sv\/shop\/flat-top-croustade-iron\/","title":{"rendered":"Flat Top Croustade Mold"},"content":{"rendered":"<p class=\"p1\" style=\"text-align: center\">V\u00e5r Flat Top croustade-form \u00e4r ett professionellt k\u00f6ksredskap tillverkat av premium aluminiumst\u00e5l. Oavsett om du skapar gourmetsnacks eller andra krispiga snacks kan du g\u00f6ra det enkelt med denna aluminiumform. Den \u00e4r designad f\u00f6r att anv\u00e4ndas i k\u00f6k med Michelinstj\u00e4rnor, men \u00e4r ocks\u00e5 perfekt f\u00f6r hemmakockar som letar efter k\u00f6ksredskap av h\u00f6g kvalitet. Med en naturligt non-stick yta p\u00e5 v\u00e5r croustade och v\u00e5rt Non-Slip handtag, erbjuder den komfort och precision som ett perfekt kockverktyg.<\/p>","protected":false},"excerpt":{"rendered":"<p class=\"p1\" style=\"text-align: center\">This Flat Top Croustade Iron is specifically designed for creating small tart shells with filling. Made for Chefs &#8211; lightweight &#8211; design &#8211; custom mold with over 21 different possibilities! This makes our croustade the best chefs tool<br \/>\n<strong>V\u00e4nligen notera: <i>Denna produkt inneh\u00e5ller endast gjutformen. Handtag m\u00e5ste k\u00f6pas separat.<\/i><\/strong><\/p>","protected":false},"featured_media":18565,"template":"","meta":{"_acf_changed":false,"_seopress_robots_primary_cat":"none","_seopress_titles_title":"Flat Top Croustade Iron improve your kitchen tools","_seopress_titles_desc":"Used by chefs worldwide and in michelin restaurants, designed for chef & home cooks. improve your gourmet snack & croustade skills - Nordic Chefs","_seopress_robots_index":""},"product_brand":[],"product_cat":[267,152,168,167],"product_tag":[113],"class_list":{"0":"post-4149","1":"product","2":"type-product","3":"status-publish","4":"has-post-thumbnail","6":"product_cat-croustade-bunuelos-molds","7":"product_cat-croustade-iron-and-rosette-iron","8":"product_cat-double-iron","9":"product_cat-single-iron","10":"product_tag-head","11":"product-type-simple","12":"tm-no-options","14":"first","15":"instock","16":"taxable","17":"shipping-taxable","18":"purchasable"},"acf":[],"_links":{"self":[{"href":"https:\/\/nordic-chefs.com\/sv\/wp-json\/wp\/v2\/product\/4149","targetHints":{"allow":["GET"]}}],"collection":[{"href":"https:\/\/nordic-chefs.com\/sv\/wp-json\/wp\/v2\/product"}],"about":[{"href":"https:\/\/nordic-chefs.com\/sv\/wp-json\/wp\/v2\/types\/product"}],"version-history":[{"count":0,"href":"https:\/\/nordic-chefs.com\/sv\/wp-json\/wp\/v2\/product\/4149\/revisions"}],"wp:featuredmedia":[{"embeddable":true,"href":"https:\/\/nordic-chefs.com\/sv\/wp-json\/wp\/v2\/media\/18565"}],"wp:attachment":[{"href":"https:\/\/nordic-chefs.com\/sv\/wp-json\/wp\/v2\/media?parent=4149"}],"wp:term":[{"taxonomy":"product_brand","embeddable":true,"href":"https:\/\/nordic-chefs.com\/sv\/wp-json\/wp\/v2\/product_brand?post=4149"},{"taxonomy":"product_cat","embeddable":true,"href":"https:\/\/nordic-chefs.com\/sv\/wp-json\/wp\/v2\/product_cat?post=4149"},{"taxonomy":"product_tag","embeddable":true,"href":"https:\/\/nordic-chefs.com\/sv\/wp-json\/wp\/v2\/product_tag?post=4149"}],"curies":[{"name":"wp","href":"https:\/\/api.w.org\/{rel}","templated":true}]}}