{"id":4155,"date":"2023-08-20T21:58:46","date_gmt":"2023-08-20T19:58:46","guid":{"rendered":"https:\/\/nordic-chefs.com\/product\/bunuelos-rosette-head\/"},"modified":"2026-02-20T23:38:43","modified_gmt":"2026-02-20T21:38:43","slug":"rosett-jarnform","status":"publish","type":"product","link":"https:\/\/nordic-chefs.com\/sv\/shop\/rosette-iron-mold\/","title":{"rendered":"Rosett krustadj\u00e4rn"},"content":{"rendered":"<p style=\"text-align: center\">Improve your croustade molds setup with our changeable Rosette Iron mold attachment. Designed to fit perfectly on both our single and double handles. This croustade mold opens the door to creating shapes you know as &#8211; Fried rosette, rosettes, crispy fritters or mexican bu\u00f1uelos. Made for professional kitchens with its low weight and comfortably design.<\/p>\n<p style=\"text-align: center\">Switch easily between our molds for Croustade and open up for even more possibilities with our essential Croustade tool.<\/p>\n<p class=\"p1\" style=\"text-align: center\">V\u00e4nligen notera: <i>Denna produkt inneh\u00e5ller endast gjutformen. Handtag m\u00e5ste k\u00f6pas separat.<\/i><\/p>\n<p style=\"text-align: center\">Har du sett v\u00e5rt bunuelosrecept? kolla in det h\u00e4r! <a href=\"https:\/\/nordic-chefs.com\/sv\/hur-man-gor-bunuelos\/\">Hur man g\u00f6r Bunuelos<\/a><\/p>\n<p style=\"text-align: center\"><strong>&nbsp;<\/strong><\/p>","protected":false},"excerpt":{"rendered":"<p>F\u00f6rb\u00e4ttra installationen av dina Bunuelos-formar med v\u00e5rt utbytbara Rosette-formf\u00e4ste. Utformad f\u00f6r att passa perfekt p\u00e5 b\u00e5de v\u00e5ra enkla och dubbla handtag. Denna bu\u00f1ueloform \u00f6ppnar d\u00f6rren f\u00f6r att skapa former som du k\u00e4nner till som - stekt bu\u00f1uelo, rosetter, krispiga fritters eller mexikanska bu\u00f1uelos. Gjord f\u00f6r professionella k\u00f6k med sin l\u00e5ga vikt och bekv\u00e4ma design.<\/p>","protected":false},"featured_media":18069,"template":"","meta":{"_acf_changed":false,"_seopress_robots_primary_cat":"none","_seopress_titles_title":"Rosette Iron Mold \u2013 Double Handle Bunuelos Mold for Chefs","_seopress_titles_desc":"This rosette iron mold doubles as a professional bunuelos mold \u2013 made for chefs who value quality and performance.","_seopress_robots_index":""},"product_brand":[],"product_cat":[267,152,168,167],"product_tag":[113],"class_list":{"0":"post-4155","1":"product","2":"type-product","3":"status-publish","4":"has-post-thumbnail","6":"product_cat-croustade-bunuelos-molds","7":"product_cat-croustade-iron-and-rosette-iron","8":"product_cat-double-iron","9":"product_cat-single-iron","10":"product_tag-head","11":"product-type-simple","12":"tm-no-options","14":"first","15":"instock","16":"taxable","17":"shipping-taxable","18":"purchasable"},"acf":[],"_links":{"self":[{"href":"https:\/\/nordic-chefs.com\/sv\/wp-json\/wp\/v2\/product\/4155","targetHints":{"allow":["GET"]}}],"collection":[{"href":"https:\/\/nordic-chefs.com\/sv\/wp-json\/wp\/v2\/product"}],"about":[{"href":"https:\/\/nordic-chefs.com\/sv\/wp-json\/wp\/v2\/types\/product"}],"version-history":[{"count":0,"href":"https:\/\/nordic-chefs.com\/sv\/wp-json\/wp\/v2\/product\/4155\/revisions"}],"wp:featuredmedia":[{"embeddable":true,"href":"https:\/\/nordic-chefs.com\/sv\/wp-json\/wp\/v2\/media\/18069"}],"wp:attachment":[{"href":"https:\/\/nordic-chefs.com\/sv\/wp-json\/wp\/v2\/media?parent=4155"}],"wp:term":[{"taxonomy":"product_brand","embeddable":true,"href":"https:\/\/nordic-chefs.com\/sv\/wp-json\/wp\/v2\/product_brand?post=4155"},{"taxonomy":"product_cat","embeddable":true,"href":"https:\/\/nordic-chefs.com\/sv\/wp-json\/wp\/v2\/product_cat?post=4155"},{"taxonomy":"product_tag","embeddable":true,"href":"https:\/\/nordic-chefs.com\/sv\/wp-json\/wp\/v2\/product_tag?post=4155"}],"curies":[{"name":"wp","href":"https:\/\/api.w.org\/{rel}","templated":true}]}}