{"id":4184,"date":"2023-08-21T20:16:04","date_gmt":"2023-08-21T18:16:04","guid":{"rendered":"https:\/\/nordic-chefs.com\/product\/full-croustade-bunuelos-kit\/"},"modified":"2026-04-24T15:28:51","modified_gmt":"2026-04-24T13:28:51","slug":"rosettjarn-bunuelo-gjutform-6-delar","status":"publish","type":"product","link":"https:\/\/nordic-chefs.com\/sv\/shop\/rosette-iron-bunuelo-mold-6-piece\/","title":{"rendered":"6-delars upps\u00e4ttning av rosettj\u00e4rn och bunueloformar"},"content":{"rendered":"<p>Ta dina stekf\u00e4rdigheter till n\u00e4sta niv\u00e5 med detta 6-delade set med rosettj\u00e4rn och bunueloformar fr\u00e5n Nordic Chefs, en samling viktiga kockverktyg f\u00f6r alla k\u00f6k. Detta set \u00e4r designat f\u00f6r kockar och passionerade hemmakockar och inneh\u00e5ller sex utbytbara formar, tillverkade av v\u00e4rmebest\u00e4ndigt aluminium f\u00f6r j\u00e4mn stekning och enkel frig\u00f6ring.<\/p>\n<p>Det ergonomiska, halkfria handtaget ger ett s\u00e4kert grepp och g\u00f6r det enkelt att tillaga mexikanska bu\u00f1uelos, franska croustader och andra krispiga godsaker. Oavsett om det \u00e4r i ett professionellt k\u00f6k eller hemma garanterar detta m\u00e5ngsidiga verktyg konsekventa, gyllene resultat varje g\u00e5ng.<\/p>\n<h3><strong>Vad ing\u00e5r?<\/strong><\/h3>\n<p>\u2714 <strong>Croustade M\u00f6gel<\/strong><br \/>\n\u2714 Rosettj\u00e4rn<br \/>\n\u2714 Liten platt toppform<br \/>\n\u2714 Ring Bunuelo M\u00f6gel<br \/>\n\u2714 Oval Croustade Huvud<br \/>\n\u2714 Croustadej\u00e4rn med platt topp<\/p>\n<h3><strong>Viktiga f\u00f6rdelar:<\/strong><\/h3>\n<p>\u2705 <strong>Design f\u00f6r flera anv\u00e4ndningsomr\u00e5den<\/strong> - Perfekt f\u00f6r bu\u00f1uelos, rosetter och minit\u00e5rtor<br \/>\n\u2705 <strong>Naturligt Non-Stick<\/strong> - S\u00e4kerst\u00e4ller enkel frig\u00f6ring och minimalt med spill<br \/>\n\u2705 <strong>Ergonomiskt handtag<\/strong> - Halkfritt grepp f\u00f6r exakt kontroll<br \/>\n\u2705 <strong>H\u00e5llbar och v\u00e4rmebest\u00e4ndig<\/strong> - Byggd f\u00f6r frekvent anv\u00e4ndning vid stekning<br \/>\n\u2705 <strong>Bonus<\/strong> - Inneh\u00e5ller en <strong>Michelin-inspirerat recept<\/strong><\/p>","protected":false},"excerpt":{"rendered":"<p>Med detta 6-delade rosettj\u00e4rn och bunuelo-formset kan du skapa perfekt krispiga bu\u00f1uelos, rosetter och t\u00e5rtskal. Tillverkat av slitstarkt aluminium som ger j\u00e4mn uppv\u00e4rmning och en non-stick yta. Har ett halkfritt ergonomiskt handtag f\u00f6r precisionskontroll.<\/p>","protected":false},"featured_media":18832,"template":"","meta":{"_acf_changed":false,"_seopress_robots_primary_cat":"none","_seopress_titles_title":"6-Piece Rosette Iron & Bunuelo Mold Set \u2013 Chef Tools","_seopress_titles_desc":"Make crispy bu\u00f1uelos, rosettes & tart shells with this 6-piece bunuelo mold set. Includes 6 molds, an ergonomic handle & a Michelin-inspired recipe.","_seopress_robots_index":"","wprm-recipe-roundup-name":"","wprm-recipe-roundup-description":""},"product_brand":[],"product_cat":[278,152,167],"product_tag":[],"class_list":{"0":"post-4184","1":"product","2":"type-product","3":"status-publish","4":"has-post-thumbnail","6":"product_cat-20-off-croustade","7":"product_cat-croustade-iron-and-rosette-iron","8":"product_cat-single-iron","9":"product-type-variable","10":"tm-no-options","12":"first","13":"instock","14":"sale","15":"taxable","16":"shipping-taxable","17":"purchasable","19":"has-default-attributes"},"acf":[],"_links":{"self":[{"href":"https:\/\/nordic-chefs.com\/sv\/wp-json\/wp\/v2\/product\/4184","targetHints":{"allow":["GET"]}}],"collection":[{"href":"https:\/\/nordic-chefs.com\/sv\/wp-json\/wp\/v2\/product"}],"about":[{"href":"https:\/\/nordic-chefs.com\/sv\/wp-json\/wp\/v2\/types\/product"}],"version-history":[{"count":0,"href":"https:\/\/nordic-chefs.com\/sv\/wp-json\/wp\/v2\/product\/4184\/revisions"}],"wp:featuredmedia":[{"embeddable":true,"href":"https:\/\/nordic-chefs.com\/sv\/wp-json\/wp\/v2\/media\/18832"}],"wp:attachment":[{"href":"https:\/\/nordic-chefs.com\/sv\/wp-json\/wp\/v2\/media?parent=4184"}],"wp:term":[{"taxonomy":"product_brand","embeddable":true,"href":"https:\/\/nordic-chefs.com\/sv\/wp-json\/wp\/v2\/product_brand?post=4184"},{"taxonomy":"product_cat","embeddable":true,"href":"https:\/\/nordic-chefs.com\/sv\/wp-json\/wp\/v2\/product_cat?post=4184"},{"taxonomy":"product_tag","embeddable":true,"href":"https:\/\/nordic-chefs.com\/sv\/wp-json\/wp\/v2\/product_tag?post=4184"}],"curies":[{"name":"wp","href":"https:\/\/api.w.org\/{rel}","templated":true}]}}