{"id":4186,"date":"2023-08-21T20:19:32","date_gmt":"2023-08-21T18:19:32","guid":{"rendered":"https:\/\/nordic-chefs.com\/product\/nordic-chefs-ironhandle\/"},"modified":"2026-02-20T12:37:29","modified_gmt":"2026-02-20T10:37:29","slug":"ett-enda-handtag","status":"publish","type":"product","link":"https:\/\/nordic-chefs.com\/sv\/shop\/single-handle\/","title":{"rendered":"Krustadj\u00e4rn"},"content":{"rendered":"<p class=\"p1\">V\u00e5rt Single Croustade \/ Rosette-j\u00e4rn \u00e4r ett professionellt k\u00f6ksredskap tillverkat av f\u00f6rstklassigt rostfritt st\u00e5l. Oavsett om du skapar gourmetkakor, Bu\u00f1uelos eller andra krispiga snacks, g\u00f6r detta k\u00f6ksredskap i rostfritt st\u00e5l det enkelt f\u00f6r dig. Det \u00e4r utformat f\u00f6r att anv\u00e4ndas i k\u00f6k med Michelinstj\u00e4rnor, men \u00e4r ocks\u00e5 perfekt f\u00f6r hemmakockar som vill ha ett k\u00f6ksredskap av h\u00f6g kvalitet. Med en naturligt non-stick yta p\u00e5 v\u00e5ra formhuvuden och v\u00e5rt halkfria handtag ger det komfort och precision vid varje bakningstillf\u00e4lle.<\/p>\n<p class=\"p2\"><b>Viktiga funktioner<\/b><\/p>\n<ul class=\"ul1\">\n<li class=\"li3\">Konstruktion i rostfritt st\u00e5l av h\u00f6gsta kvalitet f\u00f6r professionella k\u00f6k.<\/li>\n<li class=\"li3\">M\u00e5ngsidigt k\u00f6ksverktyg f\u00f6r att skapa kakor, snacks, bu\u00f1uelos eller gourmetbakverk.<\/li>\n<li class=\"li3\">Byt enkelt mellan formarna f\u00f6r olika kulinariska kreationer.<\/li>\n<li class=\"li3\">Non-stick-yta och ergonomiskt handtag f\u00f6r enkel anv\u00e4ndning och reng\u00f6ring.<\/li>\n<li class=\"li3\">Inkluderar ett Michelin-stj\u00e4rnbel\u00f6nat recept f\u00f6r att bem\u00e4stra gourmet snacks.<\/li>\n<\/ul>","protected":false},"excerpt":{"rendered":"<p>Our Single Croustade \/ Rosette Iron is a professional-grade kitchen tool crafted from premium stainless steel. Whether you\u2019re creating gourmet cookies, Bu\u00f1uelos or any other crisp snacks, , this Stainless steel cookware allows you to do so with ease. Designed for use in Michelin-star kitchens, it\u2019s also perfect for home cooks looking for quality cookware. [&hellip;]<\/p>\n","protected":false},"featured_media":9597,"template":"","meta":{"_acf_changed":false,"_seopress_robots_primary_cat":"none","_seopress_titles_title":"Single Handle for making crispy fried snacks","_seopress_titles_desc":"Try our Single handle for making Croustade - a premium stainless steel tool perfect for creating gourmet snacks. Great chef tool for professional chefs","_seopress_robots_index":"","wprm-recipe-roundup-name":"","wprm-recipe-roundup-description":""},"product_brand":[],"product_cat":[152,167],"product_tag":[112,243],"class_list":{"0":"post-4186","1":"product","2":"type-product","3":"status-publish","4":"has-post-thumbnail","6":"product_cat-croustade-iron-and-rosette-iron","7":"product_cat-single-iron","8":"product_tag-handle","9":"product_tag-handle-color-iron","10":"product-type-variable","11":"tm-no-options","13":"first","14":"instock","15":"taxable","16":"shipping-taxable","17":"purchasable","19":"has-default-attributes"},"acf":[],"_links":{"self":[{"href":"https:\/\/nordic-chefs.com\/sv\/wp-json\/wp\/v2\/product\/4186","targetHints":{"allow":["GET"]}}],"collection":[{"href":"https:\/\/nordic-chefs.com\/sv\/wp-json\/wp\/v2\/product"}],"about":[{"href":"https:\/\/nordic-chefs.com\/sv\/wp-json\/wp\/v2\/types\/product"}],"version-history":[{"count":0,"href":"https:\/\/nordic-chefs.com\/sv\/wp-json\/wp\/v2\/product\/4186\/revisions"}],"wp:featuredmedia":[{"embeddable":true,"href":"https:\/\/nordic-chefs.com\/sv\/wp-json\/wp\/v2\/media\/9597"}],"wp:attachment":[{"href":"https:\/\/nordic-chefs.com\/sv\/wp-json\/wp\/v2\/media?parent=4186"}],"wp:term":[{"taxonomy":"product_brand","embeddable":true,"href":"https:\/\/nordic-chefs.com\/sv\/wp-json\/wp\/v2\/product_brand?post=4186"},{"taxonomy":"product_cat","embeddable":true,"href":"https:\/\/nordic-chefs.com\/sv\/wp-json\/wp\/v2\/product_cat?post=4186"},{"taxonomy":"product_tag","embeddable":true,"href":"https:\/\/nordic-chefs.com\/sv\/wp-json\/wp\/v2\/product_tag?post=4186"}],"curies":[{"name":"wp","href":"https:\/\/api.w.org\/{rel}","templated":true}]}}