{"id":4584,"date":"2023-10-21T15:33:53","date_gmt":"2023-10-21T13:33:53","guid":{"rendered":"https:\/\/nordic-chefs.com\/?post_type=product&#038;p=4584"},"modified":"2026-04-24T15:29:42","modified_gmt":"2026-04-24T13:29:42","slug":"croustade-jarn-dubbelhandtag","status":"publish","type":"product","link":"https:\/\/nordic-chefs.com\/sv\/shop\/croustade-iron-double-handle\/","title":{"rendered":"Croustade-j\u00e4rn - dubbelhandtag"},"content":{"rendered":"<p class=\"p1\">V\u00e5rt Croustade-j\u00e4rn \u00e4r speciellt utformat f\u00f6r att skapa tv\u00e5 krispiga minit\u00e5rtskal - Gillar du franskinspirerad mat eller asiatiska snacks? kanske har du en svaghet f\u00f6r s\u00f6ta snacks - Inga problem, v\u00e5r Pie tee-form kan allt! Detta kockverktyg \u00e4r tillverkat av rostfritt st\u00e5l som \u00e4r h\u00e5llbart, enkelt att reng\u00f6ra och l\u00e4ttviktigt. Det l\u00e4ttbytta formsystemet g\u00f6r att du kan skapa olika kueh pie tee och f\u00f6rvandla dina t\u00e5rtskal till en m\u00e4ngd olika gourmetsnacks. Vi vet att du kommer att njuta av de obegr\u00e4nsade m\u00f6jligheterna till krispiga snacks p\u00e5 halva tiden - vi ser fram emot att se dina skapelser!<\/p>","protected":false},"excerpt":{"rendered":"<p>V\u00e5r kueh pie tee-form \u00e4r perfekt f\u00f6r att g\u00f6ra minit\u00e5rtskal, gourmet snacks och \u00e4r skapad med kocken i \u00e5tanke - l\u00e4tt, ergonomisk design och l\u00e4tt att reng\u00f6ra! Anv\u00e4nds av Michelin-kockar \u00f6ver hela v\u00e4rlden.<\/p>","protected":false},"featured_media":13878,"template":"","meta":{"_acf_changed":false,"_seopress_robots_primary_cat":"none","_seopress_titles_title":"Rosette & Croustade Iron Set For Gourmet Tart Shells","_seopress_titles_desc":"Make perfect mini tart shells with our croustade iron and rosette iron. Easy-to-clean, stainless steel mold ideal for sweet and savory gourmet snacks.","_seopress_robots_index":"","wprm-recipe-roundup-name":"","wprm-recipe-roundup-description":""},"product_brand":[],"product_cat":[278,152,168],"product_tag":[],"class_list":{"0":"post-4584","1":"product","2":"type-product","3":"status-publish","4":"has-post-thumbnail","6":"product_cat-20-off-croustade","7":"product_cat-croustade-iron-and-rosette-iron","8":"product_cat-double-iron","9":"product-type-variable","10":"tm-no-options","12":"first","13":"instock","14":"sale","15":"featured","16":"taxable","17":"shipping-taxable","18":"purchasable","20":"has-default-attributes"},"acf":[],"_links":{"self":[{"href":"https:\/\/nordic-chefs.com\/sv\/wp-json\/wp\/v2\/product\/4584","targetHints":{"allow":["GET"]}}],"collection":[{"href":"https:\/\/nordic-chefs.com\/sv\/wp-json\/wp\/v2\/product"}],"about":[{"href":"https:\/\/nordic-chefs.com\/sv\/wp-json\/wp\/v2\/types\/product"}],"version-history":[{"count":1,"href":"https:\/\/nordic-chefs.com\/sv\/wp-json\/wp\/v2\/product\/4584\/revisions"}],"predecessor-version":[{"id":20209,"href":"https:\/\/nordic-chefs.com\/sv\/wp-json\/wp\/v2\/product\/4584\/revisions\/20209"}],"wp:featuredmedia":[{"embeddable":true,"href":"https:\/\/nordic-chefs.com\/sv\/wp-json\/wp\/v2\/media\/13878"}],"wp:attachment":[{"href":"https:\/\/nordic-chefs.com\/sv\/wp-json\/wp\/v2\/media?parent=4584"}],"wp:term":[{"taxonomy":"product_brand","embeddable":true,"href":"https:\/\/nordic-chefs.com\/sv\/wp-json\/wp\/v2\/product_brand?post=4584"},{"taxonomy":"product_cat","embeddable":true,"href":"https:\/\/nordic-chefs.com\/sv\/wp-json\/wp\/v2\/product_cat?post=4584"},{"taxonomy":"product_tag","embeddable":true,"href":"https:\/\/nordic-chefs.com\/sv\/wp-json\/wp\/v2\/product_tag?post=4584"}],"curies":[{"name":"wp","href":"https:\/\/api.w.org\/{rel}","templated":true}]}}