{"id":4643,"date":"2023-10-25T15:34:16","date_gmt":"2023-10-25T15:34:16","guid":{"rendered":"https:\/\/nordic-chefs.com\/product\/nordic-chefs-double-bunuelos-rosette-iron\/"},"modified":"2026-02-20T23:38:28","modified_gmt":"2026-02-20T21:38:28","slug":"rosettjarn-dubbelhandtag","status":"publish","type":"product","link":"https:\/\/nordic-chefs.com\/sv\/shop\/rosette-iron-double-handle\/","title":{"rendered":"Rosettj\u00e4rn - dubbelt handtag"},"content":{"rendered":"<p>V\u00e5ra bunuelosformar \u00e4r s\u00e4rskilt utformade f\u00f6r att skapa tv\u00e5 krispiga rosetter eller stekta bu\u00f1uelos - p\u00e5 en g\u00e5ng. Detta bunueloverktyg har handtag i rostfritt st\u00e5l som \u00e4r h\u00e5llbara, enkla att reng\u00f6ra och l\u00e4tta. Det l\u00e4ttbytta huvudsystemet g\u00f6r att du kan f\u00e4sta olika formar, vilket g\u00f6r ditt rosettj\u00e4rn till en m\u00e5ngsidig l\u00f6sning f\u00f6r formar f\u00f6r bunuelos av alla slag. Fr\u00e5n s\u00f6ta dessertrosetter till traditionella mexikanska snacks - du kan g\u00f6ra alla recept med det h\u00e4r praktiska setet med rosettj\u00e4rn. Njut av obegr\u00e4nsade m\u00f6jligheter till krispiga, gyllene snacks p\u00e5 halva tiden.<\/p>\n<p>&nbsp;<\/p>","protected":false},"excerpt":{"rendered":"<p>V\u00e5ra bunuelosformar \u00e4r s\u00e4rskilt utformade f\u00f6r att skapa tv\u00e5 krispiga rosetter eller stekta bu\u00f1uelos - p\u00e5 en g\u00e5ng. Detta bunueloverktyg har handtag i rostfritt st\u00e5l som \u00e4r h\u00e5llbara, enkla att reng\u00f6ra och l\u00e4tta. Det l\u00e4ttbytta huvudsystemet g\u00f6r att du kan f\u00e4sta olika formar, vilket g\u00f6r ditt rosettj\u00e4rn till en m\u00e5ngsidig l\u00f6sning f\u00f6r formar f\u00f6r bunuelos av alla slag. Fr\u00e5n s\u00f6ta dessertrosetter till traditionella mexikanska snacks - du kan g\u00f6ra alla recept med det h\u00e4r praktiska setet med rosettj\u00e4rn. Njut av obegr\u00e4nsade m\u00f6jligheter till krispiga, gyllene snacks p\u00e5 halva tiden.<\/p>\n<p>&nbsp;<\/p>","protected":false},"featured_media":14045,"template":"","meta":{"_acf_changed":false,"_seopress_robots_primary_cat":"none","_seopress_titles_title":"Rosette Iron - Cook Two Perfect Bunuelos molds at once","_seopress_titles_desc":"Work smarter with our Double Rosette Iron. Fry crispy mexican snacks and more using our professional bunuelos molds- Professional baking tool","_seopress_robots_index":""},"product_brand":[],"product_cat":[152,168],"product_tag":[],"class_list":{"0":"post-4643","1":"product","2":"type-product","3":"status-publish","4":"has-post-thumbnail","6":"product_cat-croustade-iron-and-rosette-iron","7":"product_cat-double-iron","8":"product-type-variable","9":"tm-no-options","11":"first","12":"instock","13":"taxable","14":"shipping-taxable","15":"purchasable","17":"has-default-attributes"},"acf":[],"_links":{"self":[{"href":"https:\/\/nordic-chefs.com\/sv\/wp-json\/wp\/v2\/product\/4643","targetHints":{"allow":["GET"]}}],"collection":[{"href":"https:\/\/nordic-chefs.com\/sv\/wp-json\/wp\/v2\/product"}],"about":[{"href":"https:\/\/nordic-chefs.com\/sv\/wp-json\/wp\/v2\/types\/product"}],"version-history":[{"count":0,"href":"https:\/\/nordic-chefs.com\/sv\/wp-json\/wp\/v2\/product\/4643\/revisions"}],"wp:featuredmedia":[{"embeddable":true,"href":"https:\/\/nordic-chefs.com\/sv\/wp-json\/wp\/v2\/media\/14045"}],"wp:attachment":[{"href":"https:\/\/nordic-chefs.com\/sv\/wp-json\/wp\/v2\/media?parent=4643"}],"wp:term":[{"taxonomy":"product_brand","embeddable":true,"href":"https:\/\/nordic-chefs.com\/sv\/wp-json\/wp\/v2\/product_brand?post=4643"},{"taxonomy":"product_cat","embeddable":true,"href":"https:\/\/nordic-chefs.com\/sv\/wp-json\/wp\/v2\/product_cat?post=4643"},{"taxonomy":"product_tag","embeddable":true,"href":"https:\/\/nordic-chefs.com\/sv\/wp-json\/wp\/v2\/product_tag?post=4643"}],"curies":[{"name":"wp","href":"https:\/\/api.w.org\/{rel}","templated":true}]}}