{"id":8077,"date":"2024-05-30T20:00:57","date_gmt":"2024-05-30T18:00:57","guid":{"rendered":"https:\/\/nordic-chefs.com\/?post_type=product&#038;p=8077"},"modified":"2025-11-28T15:52:18","modified_gmt":"2025-11-28T13:52:18","slug":"spiralform","status":"publish","type":"product","link":"https:\/\/nordic-chefs.com\/sv\/shop\/spiral-mold\/","title":{"rendered":"Spiralform - Saint Honore"},"content":{"rendered":"<p data-start=\"179\" data-end=\"462\">V\u00e5r Spiral silikonform \u00e4r inspirerad av den klassiska <em data-start=\"231\" data-end=\"245\">Saint-Honor\u00e9<\/em> form, som ofta ses i moderna konditorik\u00f6k. Med sin rena, minimala design kommer den h\u00e4r formen garanterat att imponera p\u00e5 dina g\u00e4ster.<\/p>\n<p class=\"p1\">Formen \u00e4r designad och tillverkad i Danmark av 100% livsmedelsgodk\u00e4nd silikon och har utvecklats i samarbete med Elisabeth Madsen, som vann guld i Bocuse d'Or 2023 som commis tillsammans med k\u00f6ksm\u00e4staren Brian Mark Hansen.<\/p>\n<p data-start=\"179\" data-end=\"462\">Varje best\u00e4llning inneh\u00e5ller en form som t\u00e5l temperaturer fr\u00e5n -50\u00b0C till +250\u00b0C - perfekt f\u00f6r anv\u00e4ndning i b\u00e5de frysar och ugnar.<\/p>","protected":false},"excerpt":{"rendered":"<p>V\u00e5r Spiral silikonform \u00e4r inspirerad av den klassiska <em data-start=\"231\" data-end=\"245\">Saint-Honor\u00e9<\/em> form, som ofta ses i moderna konditorik\u00f6k. Med sin rena, minimala design kommer den h\u00e4r formen garanterat att imponera p\u00e5 dina g\u00e4ster.<\/p>","protected":false},"featured_media":14872,"template":"","meta":{"_acf_changed":false,"_seopress_robots_primary_cat":"none","_seopress_titles_title":"Spiral silicone mold Saint honore shaped by Nordic Chefs","_seopress_titles_desc":"Use our Saint-Honor\u00e9 Spiral Mold to impress your guests. Made in Denmark from 100% food-grade silicone. Oven & freezer safe\u2014ideal for baking.","_seopress_robots_index":""},"product_brand":[],"product_cat":[104],"product_tag":[],"class_list":{"0":"post-8077","1":"product","2":"type-product","3":"status-publish","4":"has-post-thumbnail","6":"product_cat-silicone-molds-3d","7":"product-type-simple","8":"tm-no-options","10":"first","11":"instock","12":"taxable","13":"shipping-taxable","14":"purchasable"},"acf":[],"_links":{"self":[{"href":"https:\/\/nordic-chefs.com\/sv\/wp-json\/wp\/v2\/product\/8077","targetHints":{"allow":["GET"]}}],"collection":[{"href":"https:\/\/nordic-chefs.com\/sv\/wp-json\/wp\/v2\/product"}],"about":[{"href":"https:\/\/nordic-chefs.com\/sv\/wp-json\/wp\/v2\/types\/product"}],"version-history":[{"count":0,"href":"https:\/\/nordic-chefs.com\/sv\/wp-json\/wp\/v2\/product\/8077\/revisions"}],"wp:featuredmedia":[{"embeddable":true,"href":"https:\/\/nordic-chefs.com\/sv\/wp-json\/wp\/v2\/media\/14872"}],"wp:attachment":[{"href":"https:\/\/nordic-chefs.com\/sv\/wp-json\/wp\/v2\/media?parent=8077"}],"wp:term":[{"taxonomy":"product_brand","embeddable":true,"href":"https:\/\/nordic-chefs.com\/sv\/wp-json\/wp\/v2\/product_brand?post=8077"},{"taxonomy":"product_cat","embeddable":true,"href":"https:\/\/nordic-chefs.com\/sv\/wp-json\/wp\/v2\/product_cat?post=8077"},{"taxonomy":"product_tag","embeddable":true,"href":"https:\/\/nordic-chefs.com\/sv\/wp-json\/wp\/v2\/product_tag?post=8077"}],"curies":[{"name":"wp","href":"https:\/\/api.w.org\/{rel}","templated":true}]}}