{"id":8298,"date":"2024-06-05T15:03:00","date_gmt":"2024-06-05T15:03:00","guid":{"rendered":"https:\/\/nordic-chefs.com\/?post_type=product&#038;p=8298"},"modified":"2025-09-17T09:08:12","modified_gmt":"2025-09-17T07:08:12","slug":"sylvara-tuile","status":"publish","type":"product","link":"https:\/\/nordic-chefs.com\/sv\/shop\/sylvara-tuile\/","title":{"rendered":"Sylvara Tuile"},"content":{"rendered":"<p class=\"p1\">V\u00e5r Sylvara Tuile \u00e4r inspirerad av all sk\u00f6nhet i naturen. Den passar bra ovanp\u00e5 snacks, desserter och f\u00f6rr\u00e4tter. Silikonformen inneh\u00e5ller 5 m\u00f6nster i 1 form<\/p>\n<p class=\"p1\">Designad och tillverkad i Danmark, tillverkad av 100% livsmedelsgodk\u00e4nd silikon. Varje best\u00e4llning inneh\u00e5ller 1 tuille, som klarar temperaturer fr\u00e5n -50\u00b0C till +250\u00b0C.<\/p>\n<p class=\"p1\">Idealisk f\u00f6r alla typer av frysar och ugnar.<\/p>","protected":false},"excerpt":{"rendered":"<p>Our Sylvara Tuile is inspired by all the beauty of nature. It goes well on top of snacks, dessert and starters. The silicone mold contains 5 designs in 1 mold Designed and produced in Denmark, made from 100% food-grade silicone. Each order includes 1 tuille, capable of withstanding temperatures from -50\u00b0C to +250\u00b0C. Ideal for [&hellip;]<\/p>\n","protected":false},"featured_media":8657,"template":"","meta":{"_acf_changed":false,"_seopress_robots_primary_cat":"none","_seopress_titles_title":"Sylvara Tuile: Versatile Silicone Mold Designs","_seopress_titles_desc":"Discover Sylvara Tuile mold, Danish-made from 100% food-grade silicone. Withstands -50\u00b0C to +250\u00b0C, perfect for ovens & freezers. Order now!","_seopress_robots_index":""},"product_brand":[],"product_cat":[91,102],"product_tag":[],"class_list":{"0":"post-8298","1":"product","2":"type-product","3":"status-publish","4":"has-post-thumbnail","6":"product_cat-silicone-molds","7":"product_cat-silicone-molds-2d","8":"product-type-simple","9":"tm-no-options","11":"first","12":"instock","13":"taxable","14":"shipping-taxable","15":"purchasable"},"acf":[],"_links":{"self":[{"href":"https:\/\/nordic-chefs.com\/sv\/wp-json\/wp\/v2\/product\/8298","targetHints":{"allow":["GET"]}}],"collection":[{"href":"https:\/\/nordic-chefs.com\/sv\/wp-json\/wp\/v2\/product"}],"about":[{"href":"https:\/\/nordic-chefs.com\/sv\/wp-json\/wp\/v2\/types\/product"}],"version-history":[{"count":0,"href":"https:\/\/nordic-chefs.com\/sv\/wp-json\/wp\/v2\/product\/8298\/revisions"}],"wp:featuredmedia":[{"embeddable":true,"href":"https:\/\/nordic-chefs.com\/sv\/wp-json\/wp\/v2\/media\/8657"}],"wp:attachment":[{"href":"https:\/\/nordic-chefs.com\/sv\/wp-json\/wp\/v2\/media?parent=8298"}],"wp:term":[{"taxonomy":"product_brand","embeddable":true,"href":"https:\/\/nordic-chefs.com\/sv\/wp-json\/wp\/v2\/product_brand?post=8298"},{"taxonomy":"product_cat","embeddable":true,"href":"https:\/\/nordic-chefs.com\/sv\/wp-json\/wp\/v2\/product_cat?post=8298"},{"taxonomy":"product_tag","embeddable":true,"href":"https:\/\/nordic-chefs.com\/sv\/wp-json\/wp\/v2\/product_tag?post=8298"}],"curies":[{"name":"wp","href":"https:\/\/api.w.org\/{rel}","templated":true}]}}