{"id":8327,"date":"2024-06-05T19:00:16","date_gmt":"2024-06-05T19:00:16","guid":{"rendered":"https:\/\/nordic-chefs.com\/shop\/uncategorized\/the-bay-leaf-tuille\/"},"modified":"2025-11-28T15:47:50","modified_gmt":"2025-11-28T13:47:50","slug":"verdelle-tuile","status":"publish","type":"product","link":"https:\/\/nordic-chefs.com\/sv\/shop\/verdelle-tuile\/","title":{"rendered":"Verdelle Tuile"},"content":{"rendered":"<p>V\u00e5r Verdelle Tuile \u00e4r enkel men vacker. Formen inneh\u00e5ller 5 m\u00f6nster<\/p>\n<p>Designad och tillverkad i Danmark, tillverkad av 100% livsmedelsgodk\u00e4nd silikon. Varje best\u00e4llning inneh\u00e5ller 1 tuille, som klarar temperaturer fr\u00e5n -50\u00b0C till +250\u00b0C.<\/p>\n<p>Idealisk f\u00f6r alla typer av frysar och ugnar.<\/p>","protected":false},"excerpt":{"rendered":"<p>V\u00e5r Verdelle Tuile \u00e4r enkel men vacker. Formen inneh\u00e5ller 5 m\u00f6nster<\/p>","protected":false},"featured_media":14919,"template":"","meta":{"_acf_changed":false,"_seopress_robots_primary_cat":"none","_seopress_titles_title":"Verdelle Tuile - silicone mold for crispy tuiles","_seopress_titles_desc":"Our popular Verdelle Tuile is made in Denmark. Created with 5 designs in 1 mold, enduring -50\u00b0C to 250\u00b0C. Perfect for any kitchen.","_seopress_robots_index":""},"product_brand":[],"product_cat":[91,102],"product_tag":[],"class_list":{"0":"post-8327","1":"product","2":"type-product","3":"status-publish","4":"has-post-thumbnail","6":"product_cat-silicone-molds","7":"product_cat-silicone-molds-2d","8":"product-type-simple","9":"tm-no-options","11":"first","12":"instock","13":"taxable","14":"shipping-taxable","15":"purchasable"},"acf":[],"_links":{"self":[{"href":"https:\/\/nordic-chefs.com\/sv\/wp-json\/wp\/v2\/product\/8327","targetHints":{"allow":["GET"]}}],"collection":[{"href":"https:\/\/nordic-chefs.com\/sv\/wp-json\/wp\/v2\/product"}],"about":[{"href":"https:\/\/nordic-chefs.com\/sv\/wp-json\/wp\/v2\/types\/product"}],"version-history":[{"count":0,"href":"https:\/\/nordic-chefs.com\/sv\/wp-json\/wp\/v2\/product\/8327\/revisions"}],"wp:featuredmedia":[{"embeddable":true,"href":"https:\/\/nordic-chefs.com\/sv\/wp-json\/wp\/v2\/media\/14919"}],"wp:attachment":[{"href":"https:\/\/nordic-chefs.com\/sv\/wp-json\/wp\/v2\/media?parent=8327"}],"wp:term":[{"taxonomy":"product_brand","embeddable":true,"href":"https:\/\/nordic-chefs.com\/sv\/wp-json\/wp\/v2\/product_brand?post=8327"},{"taxonomy":"product_cat","embeddable":true,"href":"https:\/\/nordic-chefs.com\/sv\/wp-json\/wp\/v2\/product_cat?post=8327"},{"taxonomy":"product_tag","embeddable":true,"href":"https:\/\/nordic-chefs.com\/sv\/wp-json\/wp\/v2\/product_tag?post=8327"}],"curies":[{"name":"wp","href":"https:\/\/api.w.org\/{rel}","templated":true}]}}