{"id":8482,"date":"2024-06-27T12:57:38","date_gmt":"2024-06-27T10:57:38","guid":{"rendered":"https:\/\/nordic-chefs.com\/?post_type=product&#038;p=8482"},"modified":"2026-02-20T23:41:23","modified_gmt":"2026-02-20T21:41:23","slug":"biora-tuile","status":"publish","type":"product","link":"https:\/\/nordic-chefs.com\/sv\/shop\/biora-tuile\/","title":{"rendered":"Biora Tuile"},"content":{"rendered":"<p class=\"p1\">V\u00e5r Biora tuile, best\u00e5r av en form som \u00e4r 9,9 cm i diameter och \u00e4r utformad f\u00f6r att g\u00f6ra en skapelse som passar b\u00e5de f\u00f6r en socker tuile eller ett klassiskt tuille recept. Den \u00e4r designad och producerad i Danmark och tillverkad av 100% livsmedelsgodk\u00e4nd silikon och tillverkad i v\u00e5r unika m\u00f6rka skogsgr\u00f6na f\u00e4rg - som \u00e5terspeglar den nordiska naturen. V\u00e5ra silikonformar f\u00f6r bakning klarar temperaturer fr\u00e5n -50\u00b0C till +250\u00b0C. Perfekt f\u00f6r alla typer av frysar och ugnar.<\/p>","protected":false},"excerpt":{"rendered":"<p>Our Biora tuile, consists of one mold that is 9,9 cm in diameter and is designed to make a creation both suited for a sugar tuile or a classic tuille recipe. It is designed and produced in Denmark and made from 100% food-grade silicone and made in our unique dark forest green \u2013 reflecting the [&hellip;]<\/p>\n","protected":false},"featured_media":14879,"template":"","meta":{"_acf_changed":false,"_seopress_robots_primary_cat":"none","_seopress_titles_title":"Biora Tuile silicone molds - Made in Denmark","_seopress_titles_desc":"Our Bee Tuile silicon mold is made for chefs and works brilliant in both desserts and dishes! Unique silicon molds made in our unique dark forest green","_seopress_robots_index":""},"product_brand":[],"product_cat":[91,102],"product_tag":[],"class_list":{"0":"post-8482","1":"product","2":"type-product","3":"status-publish","4":"has-post-thumbnail","6":"product_cat-silicone-molds","7":"product_cat-silicone-molds-2d","8":"product-type-simple","9":"tm-no-options","11":"first","12":"instock","13":"taxable","14":"shipping-taxable","15":"purchasable"},"acf":[],"_links":{"self":[{"href":"https:\/\/nordic-chefs.com\/sv\/wp-json\/wp\/v2\/product\/8482","targetHints":{"allow":["GET"]}}],"collection":[{"href":"https:\/\/nordic-chefs.com\/sv\/wp-json\/wp\/v2\/product"}],"about":[{"href":"https:\/\/nordic-chefs.com\/sv\/wp-json\/wp\/v2\/types\/product"}],"version-history":[{"count":0,"href":"https:\/\/nordic-chefs.com\/sv\/wp-json\/wp\/v2\/product\/8482\/revisions"}],"wp:featuredmedia":[{"embeddable":true,"href":"https:\/\/nordic-chefs.com\/sv\/wp-json\/wp\/v2\/media\/14879"}],"wp:attachment":[{"href":"https:\/\/nordic-chefs.com\/sv\/wp-json\/wp\/v2\/media?parent=8482"}],"wp:term":[{"taxonomy":"product_brand","embeddable":true,"href":"https:\/\/nordic-chefs.com\/sv\/wp-json\/wp\/v2\/product_brand?post=8482"},{"taxonomy":"product_cat","embeddable":true,"href":"https:\/\/nordic-chefs.com\/sv\/wp-json\/wp\/v2\/product_cat?post=8482"},{"taxonomy":"product_tag","embeddable":true,"href":"https:\/\/nordic-chefs.com\/sv\/wp-json\/wp\/v2\/product_tag?post=8482"}],"curies":[{"name":"wp","href":"https:\/\/api.w.org\/{rel}","templated":true}]}}