{"id":8497,"date":"2024-06-28T06:38:19","date_gmt":"2024-06-28T06:38:19","guid":{"rendered":"https:\/\/nordic-chefs.com\/?post_type=product&#038;p=8497"},"modified":"2025-08-18T15:23:08","modified_gmt":"2025-08-18T13:23:08","slug":"fjarils-tuile","status":"publish","type":"product","link":"https:\/\/nordic-chefs.com\/sv\/shop\/butterfly-tuile\/","title":{"rendered":"Fj\u00e4ril Tuile"},"content":{"rendered":"<p class=\"p1\">V\u00e5r Butterfly tuile, best\u00e5r av en silikonform som g\u00f6r att du kan g\u00f6ra 7 butterfly tuile \u00e5t g\u00e5ngen. Den \u00e4r designad med en 3D-effekt s\u00e5 att den \u00e4r lite tjockare i mitten, f\u00f6r maximal textur under hela tuggan.  Den \u00e4r designad och producerad i Danmark och tillverkad av 100% silikon av livsmedelskvalitet och tillverkad i v\u00e5r unika m\u00f6rka skogsgr\u00f6na f\u00e4rg - som \u00e5terspeglar den nordiska naturen. V\u00e5ra silikonformar f\u00f6r bakning klarar temperaturer fr\u00e5n -50\u00b0C till +250\u00b0C. Perfekt f\u00f6r alla typer av frysar och ugnar.<\/p>","protected":false},"excerpt":{"rendered":"<p>Our Butterfly tuile, consists of one silicone mold that makes you be able to make 7 butterfly tuille at the time. It is designed with a 3D effect so it is a bit thicker in the middle, for maximal texture throughout the bite.\u00a0 It is designed and produced in Denmark and made from 100% food-grade [&hellip;]<\/p>\n","protected":false},"featured_media":14877,"template":"","meta":{"_acf_changed":false,"_seopress_robots_primary_cat":"none","_seopress_titles_title":"Butterfly Tuile Silicone Molds - Made in Denmark","_seopress_titles_desc":"Our Tuille silicone mold is made with a 3D effect making the texture both crunchy and rich - Unique silicon molds made in our unique dark forest green!","_seopress_robots_index":""},"product_brand":[],"product_cat":[91,102],"product_tag":[],"class_list":{"0":"post-8497","1":"product","2":"type-product","3":"status-publish","4":"has-post-thumbnail","6":"product_cat-silicone-molds","7":"product_cat-silicone-molds-2d","8":"product-type-simple","9":"tm-has-options","11":"first","12":"instock","13":"taxable","14":"shipping-taxable","15":"purchasable"},"acf":[],"_links":{"self":[{"href":"https:\/\/nordic-chefs.com\/sv\/wp-json\/wp\/v2\/product\/8497","targetHints":{"allow":["GET"]}}],"collection":[{"href":"https:\/\/nordic-chefs.com\/sv\/wp-json\/wp\/v2\/product"}],"about":[{"href":"https:\/\/nordic-chefs.com\/sv\/wp-json\/wp\/v2\/types\/product"}],"version-history":[{"count":0,"href":"https:\/\/nordic-chefs.com\/sv\/wp-json\/wp\/v2\/product\/8497\/revisions"}],"wp:featuredmedia":[{"embeddable":true,"href":"https:\/\/nordic-chefs.com\/sv\/wp-json\/wp\/v2\/media\/14877"}],"wp:attachment":[{"href":"https:\/\/nordic-chefs.com\/sv\/wp-json\/wp\/v2\/media?parent=8497"}],"wp:term":[{"taxonomy":"product_brand","embeddable":true,"href":"https:\/\/nordic-chefs.com\/sv\/wp-json\/wp\/v2\/product_brand?post=8497"},{"taxonomy":"product_cat","embeddable":true,"href":"https:\/\/nordic-chefs.com\/sv\/wp-json\/wp\/v2\/product_cat?post=8497"},{"taxonomy":"product_tag","embeddable":true,"href":"https:\/\/nordic-chefs.com\/sv\/wp-json\/wp\/v2\/product_tag?post=8497"}],"curies":[{"name":"wp","href":"https:\/\/api.w.org\/{rel}","templated":true}]}}