{"id":9575,"date":"2024-09-22T20:41:00","date_gmt":"2024-09-22T18:41:00","guid":{"rendered":"https:\/\/nordic-chefs.com\/shop\/uncategorized\/nordic-chefs-single-handle-new-style\/"},"modified":"2025-11-23T23:25:02","modified_gmt":"2025-11-23T21:25:02","slug":"nordic-chefs-enkelhandtag-ny-stil","status":"publish","type":"product","link":"https:\/\/nordic-chefs.com\/sv\/shop\/nordic-chefs-single-handle-new-style\/","title":{"rendered":"Handtag i ny stil"},"content":{"rendered":"<p class=\"p1\">V\u00e5rt enkla handtag - ny stil f\u00f6r att skapa croustade \u00e4r ett professionellt k\u00f6ksredskap tillverkat av h\u00f6gkvalitativt rostfritt st\u00e5l. Oavsett om du ska g\u00f6ra gourmetkakor, Bu\u00f1uelos eller andra krispiga snacks kan du enkelt g\u00f6ra det med det h\u00e4r k\u00f6ksredskapet i rostfritt st\u00e5l. Det \u00e4r utformat f\u00f6r att anv\u00e4ndas i k\u00f6k med Michelinstj\u00e4rnor, men \u00e4r ocks\u00e5 perfekt f\u00f6r hemmakockar som vill ha ett k\u00f6ksredskap av h\u00f6g kvalitet. Med en naturligt non-stick yta p\u00e5 v\u00e5ra formhuvuden och v\u00e5rt halkfria handtag ger det komfort och precision vid varje bakningstillf\u00e4lle.<\/p>\n<p class=\"p2\"><b>Viktiga funktioner<\/b><\/p>\n<ul class=\"ul1\">\n<li class=\"li3\">Konstruktion i rostfritt st\u00e5l av h\u00f6gsta kvalitet f\u00f6r professionella k\u00f6k.<\/li>\n<li class=\"li3\">M\u00e5ngsidigt k\u00f6ksverktyg f\u00f6r att skapa kakor, snacks, bu\u00f1uelos eller gourmetbakverk.<\/li>\n<li class=\"li3\">Byt enkelt mellan formarna f\u00f6r olika kulinariska kreationer.<\/li>\n<li class=\"li3\">Non-stick-yta och ergonomiskt handtag f\u00f6r enkel anv\u00e4ndning och reng\u00f6ring.<\/li>\n<li class=\"li3\">Inkluderar ett Michelin-stj\u00e4rnbel\u00f6nat recept f\u00f6r att bem\u00e4stra gourmet snacks.<\/li>\n<\/ul>","protected":false},"excerpt":{"rendered":"<p class=\"p1\">V\u00e5rt enkla handtag - ny stil f\u00f6r att skapa croustade \u00e4r ett professionellt k\u00f6ksredskap tillverkat av h\u00f6gkvalitativt rostfritt st\u00e5l. Oavsett om du ska g\u00f6ra gourmetkakor, Bu\u00f1uelos eller andra krispiga snacks kan du enkelt g\u00f6ra det med det h\u00e4r k\u00f6ksredskapet i rostfritt st\u00e5l. Det \u00e4r utformat f\u00f6r att anv\u00e4ndas i k\u00f6k med Michelinstj\u00e4rnor, men \u00e4r ocks\u00e5 perfekt f\u00f6r hemmakockar som vill ha ett k\u00f6ksredskap av h\u00f6g kvalitet. Med en naturligt non-stick yta p\u00e5 v\u00e5ra formhuvuden och v\u00e5rt halkfria handtag ger det komfort och precision vid varje bakningstillf\u00e4lle.<\/p>\n<p class=\"p2\"><b>Viktiga funktioner<\/b><\/p>\n<ul class=\"ul1\">\n<li class=\"li3\">Konstruktion i rostfritt st\u00e5l av h\u00f6gsta kvalitet f\u00f6r professionella k\u00f6k.<\/li>\n<li class=\"li3\">M\u00e5ngsidigt k\u00f6ksverktyg f\u00f6r att skapa kakor, snacks, bu\u00f1uelos eller gourmetbakverk.<\/li>\n<li class=\"li3\">Byt enkelt mellan formarna f\u00f6r olika kulinariska kreationer.<\/li>\n<li class=\"li3\">Non-stick-yta och ergonomiskt handtag f\u00f6r enkel anv\u00e4ndning och reng\u00f6ring.<\/li>\n<li class=\"li3\">Inkluderar ett Michelin-stj\u00e4rnbel\u00f6nat recept f\u00f6r att bem\u00e4stra gourmet snacks.<\/li>\n<\/ul>","protected":false},"featured_media":9573,"template":"","meta":{"_acf_changed":false,"_seopress_robots_primary_cat":"none","_seopress_titles_title":"New style Croustade iron","_seopress_titles_desc":"Make croustades & bu\u00f1uelos with ease using our stainless steel tool. Non-stick, ergonomic design for pro & home kitchens. Includes Michelin recipe!","_seopress_robots_index":"","wprm-recipe-roundup-name":"","wprm-recipe-roundup-description":""},"product_brand":[],"product_cat":[152,167],"product_tag":[],"class_list":{"0":"post-9575","1":"product","2":"type-product","3":"status-publish","4":"has-post-thumbnail","6":"product_cat-croustade-iron-and-rosette-iron","7":"product_cat-single-iron","8":"product-type-variable","9":"tm-no-options","11":"first","12":"instock","13":"taxable","14":"shipping-taxable","15":"purchasable","17":"has-default-attributes"},"acf":[],"_links":{"self":[{"href":"https:\/\/nordic-chefs.com\/sv\/wp-json\/wp\/v2\/product\/9575","targetHints":{"allow":["GET"]}}],"collection":[{"href":"https:\/\/nordic-chefs.com\/sv\/wp-json\/wp\/v2\/product"}],"about":[{"href":"https:\/\/nordic-chefs.com\/sv\/wp-json\/wp\/v2\/types\/product"}],"version-history":[{"count":0,"href":"https:\/\/nordic-chefs.com\/sv\/wp-json\/wp\/v2\/product\/9575\/revisions"}],"wp:featuredmedia":[{"embeddable":true,"href":"https:\/\/nordic-chefs.com\/sv\/wp-json\/wp\/v2\/media\/9573"}],"wp:attachment":[{"href":"https:\/\/nordic-chefs.com\/sv\/wp-json\/wp\/v2\/media?parent=9575"}],"wp:term":[{"taxonomy":"product_brand","embeddable":true,"href":"https:\/\/nordic-chefs.com\/sv\/wp-json\/wp\/v2\/product_brand?post=9575"},{"taxonomy":"product_cat","embeddable":true,"href":"https:\/\/nordic-chefs.com\/sv\/wp-json\/wp\/v2\/product_cat?post=9575"},{"taxonomy":"product_tag","embeddable":true,"href":"https:\/\/nordic-chefs.com\/sv\/wp-json\/wp\/v2\/product_tag?post=9575"}],"curies":[{"name":"wp","href":"https:\/\/api.w.org\/{rel}","templated":true}]}}