{"id":9578,"date":"2024-09-22T20:47:41","date_gmt":"2024-09-22T18:47:41","guid":{"rendered":"https:\/\/nordic-chefs.com\/shop\/uncategorized\/nordic-chefs-double-croustade-iron-2\/"},"modified":"2026-02-26T14:24:20","modified_gmt":"2026-02-26T12:24:20","slug":"dubbelt-jarnhandtag","status":"publish","type":"product","link":"https:\/\/nordic-chefs.com\/sv\/shop\/double-iron-handle\/","title":{"rendered":"Dubbelt j\u00e4rnhandtag"},"content":{"rendered":"<p class=\"p1\">V\u00e5rt dubbla croustade-\/rosettj\u00e4rn \u00e4r ett professionellt k\u00f6ksredskap tillverkat av h\u00f6gkvalitativt rostfritt st\u00e5l. Oavsett om du skapar gourmetkakor, Bu\u00f1uelos eller andra krispiga snacks, g\u00f6r detta k\u00f6ksredskap i rostfritt st\u00e5l det enkelt f\u00f6r dig. Det \u00e4r utformat f\u00f6r att anv\u00e4ndas i k\u00f6k med Michelinstj\u00e4rnor, men \u00e4r ocks\u00e5 perfekt f\u00f6r hemmakockar som vill ha ett k\u00f6ksredskap av h\u00f6g kvalitet. Med en naturligt non-stick yta p\u00e5 v\u00e5ra formhuvuden och v\u00e5rt halkfria handtag ger det komfort och precision vid varje bakningstillf\u00e4lle.<\/p>\n<p class=\"p2\"><b>Viktiga funktioner<\/b><\/p>\n<ul class=\"ul1\">\n<li class=\"li3\">Konstruktion i rostfritt st\u00e5l av h\u00f6gsta kvalitet f\u00f6r professionella k\u00f6k.<\/li>\n<li class=\"li3\">M\u00e5ngsidigt k\u00f6ksverktyg f\u00f6r att skapa kakor, snacks, bu\u00f1uelos eller gourmetbakverk.<\/li>\n<li class=\"li3\">Byt enkelt mellan formarna f\u00f6r olika kulinariska kreationer.<\/li>\n<li class=\"li3\">Non-stick-yta och ergonomiskt handtag f\u00f6r enkel anv\u00e4ndning och reng\u00f6ring.<\/li>\n<li class=\"li3\">Inneh\u00e5ller ett Michelin-stj\u00e4rnbel\u00f6nt recept av kocken Eric Vildgaard f\u00f6r att bem\u00e4stra gourmet croustaden.<\/li>\n<\/ul>","protected":false},"excerpt":{"rendered":"<p class=\"p1\">V\u00e5rt dubbla croustade-\/rosettj\u00e4rn \u00e4r ett professionellt k\u00f6ksredskap tillverkat av h\u00f6gkvalitativt rostfritt st\u00e5l. Oavsett om du skapar gourmetkakor, Bu\u00f1uelos eller andra krispiga snacks, g\u00f6r detta k\u00f6ksredskap i rostfritt st\u00e5l det enkelt f\u00f6r dig. Det \u00e4r utformat f\u00f6r att anv\u00e4ndas i k\u00f6k med Michelinstj\u00e4rnor, men \u00e4r ocks\u00e5 perfekt f\u00f6r hemmakockar som vill ha ett k\u00f6ksredskap av h\u00f6g kvalitet. Med en naturligt non-stick yta p\u00e5 v\u00e5ra formhuvuden och v\u00e5rt halkfria handtag ger det komfort och precision vid varje bakningstillf\u00e4lle.<\/p>\n<p class=\"p2\"><b>Viktiga funktioner<\/b><\/p>\n<ul class=\"ul1\">\n<li class=\"li3\">Konstruktion i rostfritt st\u00e5l av h\u00f6gsta kvalitet f\u00f6r professionella k\u00f6k.<\/li>\n<li class=\"li3\">M\u00e5ngsidigt k\u00f6ksverktyg f\u00f6r att skapa kakor, snacks, bu\u00f1uelos eller gourmetbakverk.<\/li>\n<li class=\"li3\">Byt enkelt mellan formarna f\u00f6r olika kulinariska kreationer.<\/li>\n<li class=\"li3\">Non-stick-yta och ergonomiskt handtag f\u00f6r enkel anv\u00e4ndning och reng\u00f6ring.<\/li>\n<li class=\"li3\">Inneh\u00e5ller ett Michelin-stj\u00e4rnbel\u00f6nt recept av kocken Eric Vildgaard f\u00f6r att bem\u00e4stra gourmet croustaden.<\/li>\n<\/ul>","protected":false},"featured_media":9577,"template":"","meta":{"_acf_changed":false,"_seopress_robots_primary_cat":"none","_seopress_titles_title":"Krustadejern dobbelt s\u00e5 effektivt - kokkenes foretrukne","_seopress_titles_desc":"Single, dobbelt eller FiveMount - design selv. V\u00e6lg mellem 9 krustade forme og farve p\u00e5 dit h\u00e5ndtag til samme lave pris og dansk design","_seopress_robots_index":"","wprm-recipe-roundup-name":"","wprm-recipe-roundup-description":""},"product_brand":[],"product_cat":[152,168],"product_tag":[117,119,112,118,120],"class_list":{"0":"post-9578","1":"product","2":"type-product","3":"status-publish","4":"has-post-thumbnail","6":"product_cat-croustade-iron-and-rosette-iron","7":"product_cat-double-iron","8":"product_tag-croustade","9":"product_tag-double","10":"product_tag-handle","11":"product_tag-rosette","12":"product_tag-snacks","13":"product-type-variable","14":"tm-no-options","16":"first","17":"instock","18":"taxable","19":"shipping-taxable","20":"purchasable","22":"has-default-attributes"},"acf":[],"_links":{"self":[{"href":"https:\/\/nordic-chefs.com\/sv\/wp-json\/wp\/v2\/product\/9578","targetHints":{"allow":["GET"]}}],"collection":[{"href":"https:\/\/nordic-chefs.com\/sv\/wp-json\/wp\/v2\/product"}],"about":[{"href":"https:\/\/nordic-chefs.com\/sv\/wp-json\/wp\/v2\/types\/product"}],"version-history":[{"count":0,"href":"https:\/\/nordic-chefs.com\/sv\/wp-json\/wp\/v2\/product\/9578\/revisions"}],"wp:featuredmedia":[{"embeddable":true,"href":"https:\/\/nordic-chefs.com\/sv\/wp-json\/wp\/v2\/media\/9577"}],"wp:attachment":[{"href":"https:\/\/nordic-chefs.com\/sv\/wp-json\/wp\/v2\/media?parent=9578"}],"wp:term":[{"taxonomy":"product_brand","embeddable":true,"href":"https:\/\/nordic-chefs.com\/sv\/wp-json\/wp\/v2\/product_brand?post=9578"},{"taxonomy":"product_cat","embeddable":true,"href":"https:\/\/nordic-chefs.com\/sv\/wp-json\/wp\/v2\/product_cat?post=9578"},{"taxonomy":"product_tag","embeddable":true,"href":"https:\/\/nordic-chefs.com\/sv\/wp-json\/wp\/v2\/product_tag?post=9578"}],"curies":[{"name":"wp","href":"https:\/\/api.w.org\/{rel}","templated":true}]}}