{"id":9582,"date":"2024-09-22T21:00:13","date_gmt":"2024-09-22T19:00:13","guid":{"rendered":"https:\/\/nordic-chefs.com\/shop\/uncategorized\/nordic-chefs-small-flat-top-head\/"},"modified":"2026-02-18T00:00:25","modified_gmt":"2026-02-17T22:00:25","slug":"liten-platt-topp-croustade-jarn","status":"publish","type":"product","link":"https:\/\/nordic-chefs.com\/sv\/shop\/small-flat-top-croustade-iron\/","title":{"rendered":"Liten platt degform"},"content":{"rendered":"<p class=\"p1\" style=\"text-align: center\">Nordic Chefs Small Flat Top croustadej\u00e4rn \u00e4r ett kockredskap tillverkat av premium aluminiumst\u00e5l. Det \u00e4r designat f\u00f6r anv\u00e4ndning i Michelin-restaurangk\u00f6k, och \u00e4r \u00e4ven perfekt f\u00f6r hemmakockar som vill g\u00f6ra en kvalitetskroustade. Oavsett om du inspireras av asiatiska snacks eller kanske franska snacks, \u00e4r detta det lilla sm\u00f6rdegsskalet att steka. Med en naturligt non-stick-yta p\u00e5 v\u00e5ra kroustader och v\u00e5rt halkfria handtag, erbjuder det komfort och precision som ett perfekt k\u00f6ksredskap ska g\u00f6ra.<\/p>","protected":false},"excerpt":{"rendered":"<p class=\"p1\" style=\"text-align: center\">V\u00e5r lilla platta krustadj\u00e4rn \u00e4r speciellt utformad f\u00f6r kockar som specialiserar sig p\u00e5 fine dining och att skapa sm\u00e5 tarletter med fyllning. Den \u00e4r l\u00e4tt, har en ergonomisk design och du kan anpassa ditt eget krustad- eller rosettj\u00e4rn med \u00f6ver 21 olika m\u00f6jligheter! Detta g\u00f6r v\u00e5rt krustadj\u00e4rn till det b\u00e4sta verktyget f\u00f6r kockar.<\/p>\n<p style=\"text-align: center\"><strong>V\u00e4nligen notera:<\/strong> <i>Denna produkt inneh\u00e5ller endast gjutformen. Handtag m\u00e5ste k\u00f6pas separat.<\/i><\/p>","protected":false},"featured_media":18074,"template":"","meta":{"_acf_changed":false,"_seopress_robots_primary_cat":"none","_seopress_titles_title":"Small Flat Top Croustade Iron Make your own gourmet snacks","_seopress_titles_desc":"Used by michelin chefs worldwide - get the only croustade iron you need at Nordic Chefs. 21 different possibilities for custom your own crunchy snacks","_seopress_robots_index":"","wprm-recipe-roundup-name":"","wprm-recipe-roundup-description":""},"product_brand":[],"product_cat":[267,152,168,167],"product_tag":[],"class_list":{"0":"post-9582","1":"product","2":"type-product","3":"status-publish","4":"has-post-thumbnail","6":"product_cat-croustade-bunuelos-molds","7":"product_cat-croustade-iron-and-rosette-iron","8":"product_cat-double-iron","9":"product_cat-single-iron","10":"product-type-simple","11":"tm-no-options","13":"first","14":"instock","15":"taxable","16":"shipping-taxable","17":"purchasable"},"acf":[],"_links":{"self":[{"href":"https:\/\/nordic-chefs.com\/sv\/wp-json\/wp\/v2\/product\/9582","targetHints":{"allow":["GET"]}}],"collection":[{"href":"https:\/\/nordic-chefs.com\/sv\/wp-json\/wp\/v2\/product"}],"about":[{"href":"https:\/\/nordic-chefs.com\/sv\/wp-json\/wp\/v2\/types\/product"}],"version-history":[{"count":0,"href":"https:\/\/nordic-chefs.com\/sv\/wp-json\/wp\/v2\/product\/9582\/revisions"}],"wp:featuredmedia":[{"embeddable":true,"href":"https:\/\/nordic-chefs.com\/sv\/wp-json\/wp\/v2\/media\/18074"}],"wp:attachment":[{"href":"https:\/\/nordic-chefs.com\/sv\/wp-json\/wp\/v2\/media?parent=9582"}],"wp:term":[{"taxonomy":"product_brand","embeddable":true,"href":"https:\/\/nordic-chefs.com\/sv\/wp-json\/wp\/v2\/product_brand?post=9582"},{"taxonomy":"product_cat","embeddable":true,"href":"https:\/\/nordic-chefs.com\/sv\/wp-json\/wp\/v2\/product_cat?post=9582"},{"taxonomy":"product_tag","embeddable":true,"href":"https:\/\/nordic-chefs.com\/sv\/wp-json\/wp\/v2\/product_tag?post=9582"}],"curies":[{"name":"wp","href":"https:\/\/api.w.org\/{rel}","templated":true}]}}