{"id":9655,"date":"2024-09-24T19:13:02","date_gmt":"2024-09-24T17:13:02","guid":{"rendered":"https:\/\/nordic-chefs.com\/?post_type=product&#038;p=9655"},"modified":"2025-08-18T15:19:54","modified_gmt":"2025-08-18T13:19:54","slug":"stor-fras-6st-tillaggssats","status":"publish","type":"product","link":"https:\/\/nordic-chefs.com\/sv\/shop\/large-cutter-6pcs-add-on-kit\/","title":{"rendered":"Stor avbitarsats (6 st - till\u00e4ggssats)"},"content":{"rendered":"<p style=\"text-align: left;\">V\u00e5r till\u00e4ggssats f\u00f6r stora sk\u00e4rare. Detta kit \u00e4r utformat f\u00f6r att f\u00f6rbereda stora ingredienser och inneh\u00e5ller olika ringstorlekar som g\u00f6r det enkelt att uppn\u00e5 enhetlighet i varje matr\u00e4tt. Oavsett om det g\u00e4ller salta huvudr\u00e4tter eller stora s\u00f6ta snacks \u00e4r dessa sk\u00e4rare byggda f\u00f6r att klara kraven i ett hektiskt k\u00f6k och garanterar precision vid varje anv\u00e4ndning. Gjorda f\u00f6r kockar som inte f\u00f6rv\u00e4ntar sig n\u00e5got annat \u00e4n perfektion!Ringarna \u00e4r tillverkade utan synlig svetsning, vilket g\u00f6r sk\u00e4rningarna perfekt runda!<span class=\"Apple-converted-space\">\u00a0 <\/span><\/p>\n<p style=\"text-align: left;\">Tillverkad och designad av nordiska kockar<\/p>","protected":false},"excerpt":{"rendered":"<p>V\u00e5r till\u00e4ggssats f\u00f6r stora sk\u00e4rare. Detta kit \u00e4r utformat f\u00f6r att f\u00f6rbereda stora ingredienser och inneh\u00e5ller olika ringstorlekar som g\u00f6r det enkelt att uppn\u00e5 enhetlighet i varje matr\u00e4tt.<\/p>","protected":false},"featured_media":14270,"template":"","meta":{"_acf_changed":false,"_seopress_robots_primary_cat":"none","_seopress_titles_title":"Large Cutter Tools for Professional Chefs by Nordic Chefs","_seopress_titles_desc":"Our cookie cutter kit is perfect for large-scale culinary creations with our robust large cutters, ideal for professional kitchens used worldwide, everyday","_seopress_robots_index":""},"product_brand":[],"product_cat":[116],"product_tag":[25],"class_list":{"0":"post-9655","1":"product","2":"type-product","3":"status-publish","4":"has-post-thumbnail","6":"product_cat-cutter","7":"product_tag-engraving","8":"product-type-simple","9":"tm-has-options","11":"first","12":"instock","13":"taxable","14":"shipping-taxable","15":"purchasable"},"acf":[],"_links":{"self":[{"href":"https:\/\/nordic-chefs.com\/sv\/wp-json\/wp\/v2\/product\/9655","targetHints":{"allow":["GET"]}}],"collection":[{"href":"https:\/\/nordic-chefs.com\/sv\/wp-json\/wp\/v2\/product"}],"about":[{"href":"https:\/\/nordic-chefs.com\/sv\/wp-json\/wp\/v2\/types\/product"}],"version-history":[{"count":0,"href":"https:\/\/nordic-chefs.com\/sv\/wp-json\/wp\/v2\/product\/9655\/revisions"}],"wp:featuredmedia":[{"embeddable":true,"href":"https:\/\/nordic-chefs.com\/sv\/wp-json\/wp\/v2\/media\/14270"}],"wp:attachment":[{"href":"https:\/\/nordic-chefs.com\/sv\/wp-json\/wp\/v2\/media?parent=9655"}],"wp:term":[{"taxonomy":"product_brand","embeddable":true,"href":"https:\/\/nordic-chefs.com\/sv\/wp-json\/wp\/v2\/product_brand?post=9655"},{"taxonomy":"product_cat","embeddable":true,"href":"https:\/\/nordic-chefs.com\/sv\/wp-json\/wp\/v2\/product_cat?post=9655"},{"taxonomy":"product_tag","embeddable":true,"href":"https:\/\/nordic-chefs.com\/sv\/wp-json\/wp\/v2\/product_tag?post=9655"}],"curies":[{"name":"wp","href":"https:\/\/api.w.org\/{rel}","templated":true}]}}