{"id":9662,"date":"2024-09-24T20:46:58","date_gmt":"2024-09-24T18:46:58","guid":{"rendered":"https:\/\/nordic-chefs.com\/?post_type=product&#038;p=9662"},"modified":"2026-04-17T18:46:54","modified_gmt":"2026-04-17T16:46:54","slug":"viktig-avbitarsats-11st","status":"publish","type":"product","link":"https:\/\/nordic-chefs.com\/sv\/shop\/essential-cutter-kit-11pcs\/","title":{"rendered":"Kit f\u00f6r viktiga avbitare (11 st)"},"content":{"rendered":"<p style=\"text-align: left\">V\u00e5rt Essential Cutter Kit \u00e4r din ultimata f\u00f6ljeslagare i k\u00f6ket och g\u00f6r det m\u00f6jligt f\u00f6r dig att f\u00f6rvandla enkla ingredienser till extraordin\u00e4ra r\u00e4tter. Detta omfattande kakutsk\u00e4rningskit tillgodoser alla dina behov av k\u00f6ksverktyg! Den \u00e4r tillverkad av h\u00f6gkvalitativt rostfritt st\u00e5l och utlovar h\u00e5llbarhet och enkelt underh\u00e5ll, vilket g\u00f6r den till en favorit bland kockar f\u00f6r sin m\u00e5ngsidighet och effektivitet. Ringarna \u00e4r tillverkade utan synlig svetsning, vilket g\u00f6r att sk\u00e4rningarna blir perfekt runda - Utsk\u00e4rare f\u00f6r alla tillf\u00e4llen, kockar eller amat\u00f6rer!<\/p>\n<p class=\"p1\">Tillverkad och designad av nordiska kockar<\/p>","protected":false},"excerpt":{"rendered":"<p>V\u00e5r Essential Cutters \u00e4r din ultimata f\u00f6ljeslagare i k\u00f6ket och g\u00f6r det m\u00f6jligt f\u00f6r dig att f\u00f6rvandla enkla ingredienser till extraordin\u00e4ra r\u00e4tter. Denna omfattande kakutsk\u00e4rare tillgodoser alla dina behov av k\u00f6ksverktyg!<\/p>","protected":false},"featured_media":9661,"template":"","meta":{"_acf_changed":false,"_seopress_robots_primary_cat":"none","_seopress_titles_title":"Essential Cutter Kit for Versatile Cooking by Nordic Chefs","_seopress_titles_desc":"Made for every chef who demands quality and perfection! upgrade your cookie cutter vibe to these - High Quality, Jet Black cutters!","_seopress_robots_index":"","wprm-recipe-roundup-name":"","wprm-recipe-roundup-description":""},"product_brand":[],"product_cat":[116],"product_tag":[25],"class_list":{"0":"post-9662","1":"product","2":"type-product","3":"status-publish","4":"has-post-thumbnail","6":"product_cat-cutter","7":"product_tag-engraving","8":"product-type-simple","9":"tm-has-options","11":"first","12":"onbackorder","13":"taxable","14":"shipping-taxable","15":"purchasable"},"acf":[],"_links":{"self":[{"href":"https:\/\/nordic-chefs.com\/sv\/wp-json\/wp\/v2\/product\/9662","targetHints":{"allow":["GET"]}}],"collection":[{"href":"https:\/\/nordic-chefs.com\/sv\/wp-json\/wp\/v2\/product"}],"about":[{"href":"https:\/\/nordic-chefs.com\/sv\/wp-json\/wp\/v2\/types\/product"}],"version-history":[{"count":1,"href":"https:\/\/nordic-chefs.com\/sv\/wp-json\/wp\/v2\/product\/9662\/revisions"}],"predecessor-version":[{"id":19531,"href":"https:\/\/nordic-chefs.com\/sv\/wp-json\/wp\/v2\/product\/9662\/revisions\/19531"}],"wp:featuredmedia":[{"embeddable":true,"href":"https:\/\/nordic-chefs.com\/sv\/wp-json\/wp\/v2\/media\/9661"}],"wp:attachment":[{"href":"https:\/\/nordic-chefs.com\/sv\/wp-json\/wp\/v2\/media?parent=9662"}],"wp:term":[{"taxonomy":"product_brand","embeddable":true,"href":"https:\/\/nordic-chefs.com\/sv\/wp-json\/wp\/v2\/product_brand?post=9662"},{"taxonomy":"product_cat","embeddable":true,"href":"https:\/\/nordic-chefs.com\/sv\/wp-json\/wp\/v2\/product_cat?post=9662"},{"taxonomy":"product_tag","embeddable":true,"href":"https:\/\/nordic-chefs.com\/sv\/wp-json\/wp\/v2\/product_tag?post=9662"}],"curies":[{"name":"wp","href":"https:\/\/api.w.org\/{rel}","templated":true}]}}