{"id":9853,"date":"2024-10-04T14:54:59","date_gmt":"2024-10-04T12:54:59","guid":{"rendered":"https:\/\/nordic-chefs.com\/?post_type=product&#038;p=9853"},"modified":"2026-02-20T23:43:11","modified_gmt":"2026-02-20T21:43:11","slug":"nordic-chefs-komplett-kit-med-bojda-koksredskap-med-tander","status":"publish","type":"product","link":"https:\/\/nordic-chefs.com\/sv\/shop\/nordic-chefs-full-chefs-curved-utensils-kit-with-teeth\/","title":{"rendered":"Nordic Chefs - Full Chefs-kit med b\u00f6jda bestick"},"content":{"rendered":"<p>G\u00f6r dig redo f\u00f6r en komplett kulinarisk upplevelse med! N\u00e4r du k\u00f6per en komplett upps\u00e4ttning fr\u00e5n oss f\u00e5r du inte bara en h\u00f6gkvalitativ upps\u00e4ttning precisionsverktyg, utan ocks\u00e5 en pincettrulle f\u00f6r att h\u00e5lla dem organiserade och skyddade. Missa inte det h\u00e4r fantastiska erbjudandet - best\u00e4ll din kompletta upps\u00e4ttning idag!<\/p>\n<p><strong>Denna sats inneh\u00e5ller:<\/strong><\/p>\n<p>Rak kockpincett med h\u00f6g precision 15 cm<br \/>\nOffset-kockpincett med h\u00f6g precision 14 cm<br \/>\nSuperFine\u00ae kockpincett med vinklad spets 14 cm<br \/>\nOffset-kockpincett med h\u00f6g precision 20 cm<br \/>\nCurvey Handtag Rocher Sked - 20cm<br \/>\nRak spatel 15,5cm<\/p>","protected":false},"excerpt":{"rendered":"<p>Get ready for a complete culinary experience with! When you purchase a full set from us, you\u2019ll not only receive a high-quality set of precision tools, but also a tweezer roll to keep them organized and protected. Don\u2019t miss out on this amazing offer \u2013 order your full set today! This kit includes: High Precision [&hellip;]<\/p>\n","protected":false},"featured_media":18112,"template":"","meta":{"_acf_changed":false,"_seopress_robots_primary_cat":"none","_seopress_titles_title":"Premium Tweezer Kits & Utensils Kit For Culinary Precision","_seopress_titles_desc":"Enjoy a complete cooking experience with our tweezer kits and utensil kit. Each set includes a stylish roll for tool protection and easy organization.","_seopress_robots_index":""},"product_brand":[],"product_cat":[21,26,123],"product_tag":[25],"class_list":{"0":"post-9853","1":"product","2":"type-product","3":"status-publish","4":"has-post-thumbnail","6":"product_cat-tweezer-kits","7":"product_cat-tweezers","8":"product_cat-with-teeth","9":"product_tag-engraving","10":"product-type-variable","11":"tm-has-options","13":"first","14":"instock","15":"taxable","16":"shipping-taxable","17":"purchasable","19":"has-default-attributes"},"acf":[],"_links":{"self":[{"href":"https:\/\/nordic-chefs.com\/sv\/wp-json\/wp\/v2\/product\/9853","targetHints":{"allow":["GET"]}}],"collection":[{"href":"https:\/\/nordic-chefs.com\/sv\/wp-json\/wp\/v2\/product"}],"about":[{"href":"https:\/\/nordic-chefs.com\/sv\/wp-json\/wp\/v2\/types\/product"}],"version-history":[{"count":0,"href":"https:\/\/nordic-chefs.com\/sv\/wp-json\/wp\/v2\/product\/9853\/revisions"}],"wp:featuredmedia":[{"embeddable":true,"href":"https:\/\/nordic-chefs.com\/sv\/wp-json\/wp\/v2\/media\/18112"}],"wp:attachment":[{"href":"https:\/\/nordic-chefs.com\/sv\/wp-json\/wp\/v2\/media?parent=9853"}],"wp:term":[{"taxonomy":"product_brand","embeddable":true,"href":"https:\/\/nordic-chefs.com\/sv\/wp-json\/wp\/v2\/product_brand?post=9853"},{"taxonomy":"product_cat","embeddable":true,"href":"https:\/\/nordic-chefs.com\/sv\/wp-json\/wp\/v2\/product_cat?post=9853"},{"taxonomy":"product_tag","embeddable":true,"href":"https:\/\/nordic-chefs.com\/sv\/wp-json\/wp\/v2\/product_tag?post=9853"}],"curies":[{"name":"wp","href":"https:\/\/api.w.org\/{rel}","templated":true}]}}