{"id":9877,"date":"2024-10-04T15:09:33","date_gmt":"2024-10-04T13:09:33","guid":{"rendered":"https:\/\/nordic-chefs.com\/?post_type=product&#038;p=9877"},"modified":"2025-10-26T22:27:09","modified_gmt":"2025-10-26T20:27:09","slug":"nordic-chefs-rak-kockpincett-15-5cm-utan-tander","status":"publish","type":"product","link":"https:\/\/nordic-chefs.com\/sv\/shop\/nordic-chefs-straight-chefs-tweezers-15-5cm-without-teeth\/","title":{"rendered":"Nordic Chefs - Rak kockpincett"},"content":{"rendered":"<p>Vi presenterar v\u00e5r raka kockpincett. Det ultimata verktyget f\u00f6r att uppn\u00e5 precision och perfektion n\u00e4r du arrangerar mat. Denna pincett \u00e4r en stapelvara i professionella k\u00f6k, och nu kan du ta med dig denna precisionsniv\u00e5 till ditt hemmak\u00f6k.<\/p>\n<p>Denna pl\u00e4teringspincett har skonsammare spetsar \u00e4n en vanlig pincett och \u00e4r utformad f\u00f6r att hantera \u00e4ven de mest \u00f6mt\u00e5liga f\u00f6rem\u00e5l, t.ex. miniatyr\u00f6rter och blomblad, utan att krossa eller skada dem.<\/p>\n<p>De fina spetsarna ger exceptionell kontroll och noggrannhet vid pl\u00e4teringen, vilket s\u00e4kerst\u00e4ller att varje r\u00e4tt presenteras p\u00e5 ett vackert s\u00e4tt.<\/p>\n<p>Pincetten \u00e4r tillverkad av h\u00f6gkvalitativt rostfritt st\u00e5l och \u00e4r h\u00e5llbar och l\u00e4tt att reng\u00f6ra, vilket g\u00f6r den till ett p\u00e5litligt tillskott i ditt k\u00f6k. Oavsett om du \u00e4r en professionell kock eller en hemmakock som vill f\u00f6rh\u00f6ja dina kulinariska skapelser \u00e4r Nordic Chefs Straight Chef's Tweezers ett m\u00e5ste f\u00f6r precision och uppm\u00e4rksamhet p\u00e5 detaljer.<\/p>\n<p>N\u00f6j dig inte med n\u00e5got mindre \u00e4n perfektion i din matpresentation. Uppgradera din k\u00f6ksverktygsl\u00e5da med v\u00e5r pl\u00e4teringspincett idag.<\/p>","protected":false},"excerpt":{"rendered":"<p>Vi presenterar v\u00e5r raka kockpincett. Det ultimata verktyget f\u00f6r att uppn\u00e5 precision och perfektion n\u00e4r du arrangerar mat. Denna pincett \u00e4r en stapelvara i professionella k\u00f6k, och nu kan du ta med dig denna precisionsniv\u00e5 till ditt hemmak\u00f6k.<\/p>","protected":false},"featured_media":10052,"template":"","meta":{"_acf_changed":false,"_seopress_robots_primary_cat":"none","_seopress_titles_title":"Achieve Precision with Nordic Chefs Plating Tweezers","_seopress_titles_desc":"Achieve perfection with Nordic Chefs Tweezers. Designed for precision, these stainless steel tools handle delicate items with ease. Upgrade today!","_seopress_robots_index":""},"product_brand":[],"product_cat":[125,26,126],"product_tag":[],"class_list":{"0":"post-9877","1":"product","2":"type-product","3":"status-publish","4":"has-post-thumbnail","6":"product_cat-chef-tweezers","7":"product_cat-tweezers","8":"product_cat-without-teeth-single-tweezers","9":"product-type-variable","10":"tm-no-options","12":"first","13":"instock","14":"taxable","15":"shipping-taxable","16":"purchasable","18":"has-default-attributes"},"acf":[],"_links":{"self":[{"href":"https:\/\/nordic-chefs.com\/sv\/wp-json\/wp\/v2\/product\/9877","targetHints":{"allow":["GET"]}}],"collection":[{"href":"https:\/\/nordic-chefs.com\/sv\/wp-json\/wp\/v2\/product"}],"about":[{"href":"https:\/\/nordic-chefs.com\/sv\/wp-json\/wp\/v2\/types\/product"}],"version-history":[{"count":0,"href":"https:\/\/nordic-chefs.com\/sv\/wp-json\/wp\/v2\/product\/9877\/revisions"}],"wp:featuredmedia":[{"embeddable":true,"href":"https:\/\/nordic-chefs.com\/sv\/wp-json\/wp\/v2\/media\/10052"}],"wp:attachment":[{"href":"https:\/\/nordic-chefs.com\/sv\/wp-json\/wp\/v2\/media?parent=9877"}],"wp:term":[{"taxonomy":"product_brand","embeddable":true,"href":"https:\/\/nordic-chefs.com\/sv\/wp-json\/wp\/v2\/product_brand?post=9877"},{"taxonomy":"product_cat","embeddable":true,"href":"https:\/\/nordic-chefs.com\/sv\/wp-json\/wp\/v2\/product_cat?post=9877"},{"taxonomy":"product_tag","embeddable":true,"href":"https:\/\/nordic-chefs.com\/sv\/wp-json\/wp\/v2\/product_tag?post=9877"}],"curies":[{"name":"wp","href":"https:\/\/api.w.org\/{rel}","templated":true}]}}