{"id":9884,"date":"2024-10-04T15:12:13","date_gmt":"2024-10-04T13:12:13","guid":{"rendered":"https:\/\/nordic-chefs.com\/?post_type=product&#038;p=9884"},"modified":"2025-10-23T00:20:13","modified_gmt":"2025-10-22T22:20:13","slug":"nordic-chefs-hog-precision-offset-kockpincett-14cm-utan-tander","status":"publish","type":"product","link":"https:\/\/nordic-chefs.com\/sv\/shop\/nordic-chefs-high-precision-offset-chefs-tweezers-14cm-without-teeth\/","title":{"rendered":"Offset-kockpincett med h\u00f6g precision"},"content":{"rendered":"<p>High Precision Offset Chef's Tweezers \u00e4r utformade f\u00f6r precisionsarbete och kan hantera \u00e4ven de minsta detaljerna.<\/p>\n<p>Denna pincett \u00e4r s\u00e4rskilt anv\u00e4ndbar f\u00f6r att plocka upp k\u00e4nsliga blommor eller mikrogr\u00f6nsaker och l\u00e4gga sista handen vid en matr\u00e4tt f\u00f6r en fantastisk presentation.<\/p>\n<p>Denna pincett \u00e4r tillverkad av h\u00f6gkvalitativt rostfritt st\u00e5l och \u00e4r inte bara h\u00e5llbar utan ocks\u00e5 s\u00e4ker att anv\u00e4nda med livsmedel tack vare den giftfria f\u00e4rgen.<\/p>\n<p>Alla kockar och hemmakockar som letar efter ett p\u00e5litligt och h\u00f6gkvalitativt verktyg f\u00f6r precisionsmatlagning b\u00f6r \u00f6verv\u00e4ga att l\u00e4gga till denna pincett i sin samling.<\/p>","protected":false},"excerpt":{"rendered":"<p style=\"text-align: center;\">The High Precision Offset Chef\u2019s Tweezers are designed for precision work and can handle even the smallest of details.<\/p>\n<p style=\"text-align: center;\">Denna pincett \u00e4r s\u00e4rskilt anv\u00e4ndbar f\u00f6r att plocka upp k\u00e4nsliga blommor eller mikrogr\u00f6nsaker och l\u00e4gga sista handen vid en matr\u00e4tt f\u00f6r en fantastisk presentation.<\/p>","protected":false},"featured_media":10051,"template":"","meta":{"_acf_changed":false,"_seopress_robots_primary_cat":"none","_seopress_titles_title":"High-Precision Chef's Tweezers for Perfect Presentation","_seopress_titles_desc":"Create stunning presentations with Nordic Chefs kitchen tweezers perfect for plating. it is durable, non-toxic stainless steel for precision cooking.","_seopress_robots_index":""},"product_brand":[],"product_cat":[125,26,127,126],"product_tag":[],"class_list":{"0":"post-9884","1":"product","2":"type-product","3":"status-publish","4":"has-post-thumbnail","6":"product_cat-chef-tweezers","7":"product_cat-tweezers","8":"product_cat-with-teeth-single-tweezers","9":"product_cat-without-teeth-single-tweezers","10":"product-type-variable","11":"tm-no-options","13":"first","14":"instock","15":"taxable","16":"shipping-taxable","17":"purchasable","19":"has-default-attributes"},"acf":[],"_links":{"self":[{"href":"https:\/\/nordic-chefs.com\/sv\/wp-json\/wp\/v2\/product\/9884","targetHints":{"allow":["GET"]}}],"collection":[{"href":"https:\/\/nordic-chefs.com\/sv\/wp-json\/wp\/v2\/product"}],"about":[{"href":"https:\/\/nordic-chefs.com\/sv\/wp-json\/wp\/v2\/types\/product"}],"version-history":[{"count":0,"href":"https:\/\/nordic-chefs.com\/sv\/wp-json\/wp\/v2\/product\/9884\/revisions"}],"wp:featuredmedia":[{"embeddable":true,"href":"https:\/\/nordic-chefs.com\/sv\/wp-json\/wp\/v2\/media\/10051"}],"wp:attachment":[{"href":"https:\/\/nordic-chefs.com\/sv\/wp-json\/wp\/v2\/media?parent=9884"}],"wp:term":[{"taxonomy":"product_brand","embeddable":true,"href":"https:\/\/nordic-chefs.com\/sv\/wp-json\/wp\/v2\/product_brand?post=9884"},{"taxonomy":"product_cat","embeddable":true,"href":"https:\/\/nordic-chefs.com\/sv\/wp-json\/wp\/v2\/product_cat?post=9884"},{"taxonomy":"product_tag","embeddable":true,"href":"https:\/\/nordic-chefs.com\/sv\/wp-json\/wp\/v2\/product_tag?post=9884"}],"curies":[{"name":"wp","href":"https:\/\/api.w.org\/{rel}","templated":true}]}}