{"id":9895,"date":"2024-10-04T15:14:58","date_gmt":"2024-10-04T13:14:58","guid":{"rendered":"https:\/\/nordic-chefs.com\/?post_type=product&#038;p=9895"},"modified":"2025-10-28T20:26:06","modified_gmt":"2025-10-28T18:26:06","slug":"nordic-chefs-kockpincett-med-superfin-bojd-spets-14-cm-utan-tander","status":"publish","type":"product","link":"https:\/\/nordic-chefs.com\/sv\/shop\/nordic-chefs-superfine-curved-tip-chefs-tweezers-14cm-without-teeth\/","title":{"rendered":"Nordic Chefs - SuperFine\u00ae kockpincett med b\u00f6jd spets"},"content":{"rendered":"<p>Letar du efter ett verktyg som tar dina kunskaper om pl\u00e4tering och efterbehandling till n\u00e4sta niv\u00e5? D\u00e5 beh\u00f6ver du inte leta l\u00e4ngre \u00e4n till denna SuperFine\u00ae-kockpincett med b\u00f6jd spets<\/p>\n<p>De \u00e4r tillverkade och f\u00e4rdigst\u00e4llda enligt h\u00f6gsta standard och \u00e4r utformade f\u00f6r att ge o\u00f6vertr\u00e4ffad precision och kontroll.<\/p>\n<p>T\u00e5ngsp\u00e4nningen \u00e4r perfekt kalibrerad f\u00f6r att ge maximalt grepp samtidigt som \u00e4ven de minsta f\u00f6rem\u00e5len hanteras varsamt.<\/p>\n<p>Denna pincett f\u00f6redras av toppkockar f\u00f6r sin precision och \u00e4r ett m\u00e5ste i alla k\u00f6k d\u00e4r noggrannhet \u00e4r av st\u00f6rsta vikt.<\/p>\n<p>N\u00f6j dig inte med mindre - uppgradera ditt kulinariska spel idag med denna oumb\u00e4rliga pincett!<\/p>","protected":false},"excerpt":{"rendered":"<p style=\"text-align: center;\">Letar du efter ett verktyg som tar dina kunskaper om pl\u00e4tering och efterbehandling till n\u00e4sta niv\u00e5? D\u00e5 beh\u00f6ver du inte leta l\u00e4ngre \u00e4n till denna SuperFine\u00ae-kockpincett med b\u00f6jd spets<\/p>","protected":false},"featured_media":10053,"template":"","meta":{"_acf_changed":false,"_seopress_robots_primary_cat":"none","_seopress_titles_title":"Enhance Your Culinary Precision with Nordic Chefs Tweezers","_seopress_titles_desc":"Elevate your culinary skills with Nordic Chefs Tweezers, precision-designed for perfect plating. Get unmatched control and accuracy in your kitchen!","_seopress_robots_index":"","wprm-recipe-roundup-name":"","wprm-recipe-roundup-description":""},"product_brand":[],"product_cat":[125,26,127,126],"product_tag":[25],"class_list":{"0":"post-9895","1":"product","2":"type-product","3":"status-publish","4":"has-post-thumbnail","6":"product_cat-chef-tweezers","7":"product_cat-tweezers","8":"product_cat-with-teeth-single-tweezers","9":"product_cat-without-teeth-single-tweezers","10":"product_tag-engraving","11":"product-type-variable","12":"tm-has-options","14":"first","15":"instock","16":"taxable","17":"shipping-taxable","18":"purchasable","20":"has-default-attributes"},"acf":[],"_links":{"self":[{"href":"https:\/\/nordic-chefs.com\/sv\/wp-json\/wp\/v2\/product\/9895","targetHints":{"allow":["GET"]}}],"collection":[{"href":"https:\/\/nordic-chefs.com\/sv\/wp-json\/wp\/v2\/product"}],"about":[{"href":"https:\/\/nordic-chefs.com\/sv\/wp-json\/wp\/v2\/types\/product"}],"version-history":[{"count":0,"href":"https:\/\/nordic-chefs.com\/sv\/wp-json\/wp\/v2\/product\/9895\/revisions"}],"wp:featuredmedia":[{"embeddable":true,"href":"https:\/\/nordic-chefs.com\/sv\/wp-json\/wp\/v2\/media\/10053"}],"wp:attachment":[{"href":"https:\/\/nordic-chefs.com\/sv\/wp-json\/wp\/v2\/media?parent=9895"}],"wp:term":[{"taxonomy":"product_brand","embeddable":true,"href":"https:\/\/nordic-chefs.com\/sv\/wp-json\/wp\/v2\/product_brand?post=9895"},{"taxonomy":"product_cat","embeddable":true,"href":"https:\/\/nordic-chefs.com\/sv\/wp-json\/wp\/v2\/product_cat?post=9895"},{"taxonomy":"product_tag","embeddable":true,"href":"https:\/\/nordic-chefs.com\/sv\/wp-json\/wp\/v2\/product_tag?post=9895"}],"curies":[{"name":"wp","href":"https:\/\/api.w.org\/{rel}","templated":true}]}}