{"id":9960,"date":"2024-10-08T12:31:38","date_gmt":"2024-10-08T10:31:38","guid":{"rendered":"https:\/\/nordic-chefs.com\/?post_type=product&#038;p=9960"},"modified":"2025-10-06T10:44:35","modified_gmt":"2025-10-06T08:44:35","slug":"diamantskiva-gjutform","status":"publish","type":"product","link":"https:\/\/nordic-chefs.com\/sv\/shop\/diamond-disk-mold\/","title":{"rendered":"Form f\u00f6r diamantskiva"},"content":{"rendered":"<p data-start=\"305\" data-end=\"595\">V\u00e5r Diamond Disk-gjutform \u00e4r tillverkad med precision och elegans och \u00e4r utformad f\u00f6r kockar som kr\u00e4ver perfektion i b\u00e5de form och funktion. Tillg\u00e4nglig i <strong data-start=\"448\" data-end=\"461\">tv\u00e5 storlekar<\/strong> (liten eller stor) \u00e4r den h\u00e4r formen perfekt f\u00f6r att skapa sl\u00e5ende desserter, garneringar eller salta element med en raffinerad geometrisk finish.<\/p>\n<p data-start=\"597\" data-end=\"839\">Varje artikel inneh\u00e5ller <strong data-start=\"616\" data-end=\"638\">2 individuella formar<\/strong> och \u00e4r <strong data-start=\"646\" data-end=\"682\">designad och tillverkad i Danmark<\/strong> med hj\u00e4lp av <strong data-start=\"689\" data-end=\"717\">100% silikon av livsmedelskvalitet<\/strong>. Formen t\u00e5l extrema temperaturer, fr\u00e5n <strong data-start=\"766\" data-end=\"785\">-50\u00b0C till +250\u00b0C<\/strong>vilket g\u00f6r den l\u00e4mplig f\u00f6r b\u00e5de <strong data-start=\"815\" data-end=\"838\">infrysning och bakning<\/strong>.<\/p>\n<p data-start=\"841\" data-end=\"973\">H\u00e5llbar, flexibel och l\u00e4tt att lossa - Diamond Disk-formen \u00e4r betrodd av proffs f\u00f6r sin tillf\u00f6rlitlighet och felfria resultat.<\/p>","protected":false},"excerpt":{"rendered":"<p style=\"text-align: center;\">V\u00e5r Diamond Disk-gjutform \u00e4r tillverkad med precision och elegans och \u00e4r utformad f\u00f6r kockar som kr\u00e4ver perfektion i b\u00e5de form och funktion. Tillg\u00e4nglig i <strong data-start=\"448\" data-end=\"461\">tv\u00e5 storlekar<\/strong> (liten eller stor) \u00e4r den h\u00e4r formen perfekt f\u00f6r att skapa sl\u00e5ende desserter, garneringar eller salta element med en raffinerad geometrisk finish.<\/p>","protected":false},"featured_media":14892,"template":"","meta":{"_acf_changed":false,"_seopress_robots_primary_cat":"none","_seopress_titles_title":"Diamond Disk Silicone Mold \u2013 Small & Large | Nordic Chefs","_seopress_titles_desc":"Diamond Disk mold in small or large. Made in Denmark from 100% food-safe silicone. Oven & freezer safe. Includes 2 molds per item.","_seopress_robots_index":"","wprm-recipe-roundup-name":"","wprm-recipe-roundup-description":""},"product_brand":[],"product_cat":[104],"product_tag":[],"class_list":{"0":"post-9960","1":"product","2":"type-product","3":"status-publish","4":"has-post-thumbnail","6":"product_cat-silicone-molds-3d","7":"product-type-variable","8":"tm-no-options","10":"first","11":"instock","12":"taxable","13":"shipping-taxable","14":"purchasable","16":"has-default-attributes"},"acf":[],"_links":{"self":[{"href":"https:\/\/nordic-chefs.com\/sv\/wp-json\/wp\/v2\/product\/9960","targetHints":{"allow":["GET"]}}],"collection":[{"href":"https:\/\/nordic-chefs.com\/sv\/wp-json\/wp\/v2\/product"}],"about":[{"href":"https:\/\/nordic-chefs.com\/sv\/wp-json\/wp\/v2\/types\/product"}],"version-history":[{"count":0,"href":"https:\/\/nordic-chefs.com\/sv\/wp-json\/wp\/v2\/product\/9960\/revisions"}],"wp:featuredmedia":[{"embeddable":true,"href":"https:\/\/nordic-chefs.com\/sv\/wp-json\/wp\/v2\/media\/14892"}],"wp:attachment":[{"href":"https:\/\/nordic-chefs.com\/sv\/wp-json\/wp\/v2\/media?parent=9960"}],"wp:term":[{"taxonomy":"product_brand","embeddable":true,"href":"https:\/\/nordic-chefs.com\/sv\/wp-json\/wp\/v2\/product_brand?post=9960"},{"taxonomy":"product_cat","embeddable":true,"href":"https:\/\/nordic-chefs.com\/sv\/wp-json\/wp\/v2\/product_cat?post=9960"},{"taxonomy":"product_tag","embeddable":true,"href":"https:\/\/nordic-chefs.com\/sv\/wp-json\/wp\/v2\/product_tag?post=9960"}],"curies":[{"name":"wp","href":"https:\/\/api.w.org\/{rel}","templated":true}]}}